{"id":335,"date":"2018-04-08T12:14:42","date_gmt":"2018-04-08T16:14:42","guid":{"rendered":"https:\/\/smglawmiami.com\/practice-areas\/immigration\/"},"modified":"2018-08-06T18:53:33","modified_gmt":"2018-08-06T22:53:33","slug":"droit-immigration","status":"publish","type":"page","link":"https:\/\/smglawmiami.com\/fr\/domaines-expertise\/droit-immigration\/","title":{"rendered":"Droit de l&rsquo;immigration"},"content":{"rendered":"<p>Les Lois relatives \u00e0 l\u2019immigration aux USA sont f\u00e9d\u00e9rales (applicable de la m\u00eame mani\u00e8re sur tout le territoire des Etats-Unis). Toutefois, elles \u00e9voluent sans cesse par le biais des r\u00e9gulations, ainsi que par les interpr\u00e9tations l\u00e9gales \u00e9tablies par l\u2019USCIS, Agence du Gouvernement en charge de l\u2019immigration aux USA. Les Lois d\u2019immigration sont vastes, compliqu\u00e9es, et doivent souvent \u00eatre examin\u00e9es sous l\u2019angle d\u2019autres mati\u00e8res l\u00e9gales (par exemple le droit des affaires).<\/p>\n<p>Chaque type de visa a ses propres conditions d\u2019obtention, et chaque statut impose des obligations et offre des droits diff\u00e9rents \u00e0 son b\u00e9n\u00e9ficiaire. Un statut d\u2019immigration est personnel et chaque situation est diff\u00e9rente.<\/p>\n<p><strong>Nous vous procurons conseil et repr\u00e9sentation pour les proc\u00e9dures suivantes:<\/strong><\/p>\n<p>\u2022 <strong>Visas Immigrant<\/strong> (carte verte) bas\u00e9s sur la famille ou l\u2019emploi<\/p>\n<p>\u2022 <strong>Visas Non-Immigrants:<\/strong> B1\/B2, E1\/E2, F\/M\/J, K1\/K3-K4\u2026<\/p>\n<p>\u2022 <strong>Naturalisation<\/strong><\/p>\n<p>\u2022 <strong>Changements de statut (COS)<\/strong><\/p>\n<p>\u2022 <strong>Extensions de statut (EOS)<\/strong><\/p>\n<p>\u2022 <strong>Ajustement de statut (AOS)<\/strong><\/p>\n<p>\u2022 <strong>Permis de travail<\/strong> (Employment Authorization Document \u201cEAD\u201d)<\/p>\n<p>\u2022 <strong>Permis de voyager<\/strong> (Advance Parole \u201cAP\u201d)<\/p>\n<p>&nbsp;<\/p>\n<h2><\/h2>\n<p>&nbsp;<\/p>\n<hr \/>\n<h2>Contactez-nous pour discuter de votre situation d&rsquo;immigration<\/h2>\n<script type=\"text\/javascript\">var gform;gform||(document.addEventListener(\"gform_main_scripts_loaded\",function(){gform.scriptsLoaded=!0}),window.addEventListener(\"DOMContentLoaded\",function(){gform.domLoaded=!0}),gform={domLoaded:!1,scriptsLoaded:!1,initializeOnLoaded:function(o){gform.domLoaded&&gform.scriptsLoaded?o():!gform.domLoaded&&gform.scriptsLoaded?window.addEventListener(\"DOMContentLoaded\",o):document.addEventListener(\"gform_main_scripts_loaded\",o)},hooks:{action:{},filter:{}},addAction:function(o,n,r,t){gform.addHook(\"action\",o,n,r,t)},addFilter:function(o,n,r,t){gform.addHook(\"filter\",o,n,r,t)},doAction:function(o){gform.doHook(\"action\",o,arguments)},applyFilters:function(o){return gform.doHook(\"filter\",o,arguments)},removeAction:function(o,n){gform.removeHook(\"action\",o,n)},removeFilter:function(o,n,r){gform.removeHook(\"filter\",o,n,r)},addHook:function(o,n,r,t,i){null==gform.hooks[o][n]&&(gform.hooks[o][n]=[]);var e=gform.hooks[o][n];null==i&&(i=n+\"_\"+e.length),gform.hooks[o][n].push({tag:i,callable:r,priority:t=null==t?10:t})},doHook:function(n,o,r){var t;if(r=Array.prototype.slice.call(r,1),null!=gform.hooks[n][o]&&((o=gform.hooks[n][o]).sort(function(o,n){return o.priority-n.priority}),o.forEach(function(o){\"function\"!=typeof(t=o.callable)&&(t=window[t]),\"action\"==n?t.apply(null,r):r[0]=t.apply(null,r)})),\"filter\"==n)return r[0]},removeHook:function(o,n,t,i){var r;null!=gform.hooks[o][n]&&(r=(r=gform.hooks[o][n]).filter(function(o,n,r){return!!(null!=i&&i!=o.tag||null!=t&&t!=o.priority)}),gform.hooks[o][n]=r)}});<\/script>\n                <div class='gf_browser_gecko gform_wrapper gform_legacy_markup_wrapper gform-theme--no-framework' data-form-theme='legacy' data-form-index='0' id='gform_wrapper_1' ><form method='post' enctype='multipart\/form-data'  id='gform_1'  action='\/fr\/wp-json\/wp\/v2\/pages\/335' data-formid='1' novalidate>\n                        <div class='gform-body gform_body'><ul id='gform_fields_1' class='gform_fields top_label form_sublabel_below description_below validation_below'><li id=\"field_1_1\" class=\"gfield gfield--type-text field_sublabel_below gfield--no-description field_description_below field_validation_below gfield_visibility_visible\"  data-js-reload=\"field_1_1\" ><label class='gfield_label gform-field-label' for='input_1_1'>Votre nom<\/label><div class='ginput_container ginput_container_text'><input name='input_1' id='input_1_1' type='text' value='' class='large'      aria-invalid=\"false\"   \/> <\/div><\/li><li id=\"field_1_2\" class=\"gfield gfield--type-email field_sublabel_below gfield--no-description field_description_below field_validation_below gfield_visibility_visible\"  data-js-reload=\"field_1_2\" ><label class='gfield_label gform-field-label' for='input_1_2'>Votre adresse email<\/label><div class='ginput_container ginput_container_email'>\n                            <input name='input_2' id='input_1_2' type='email' value='' class='large'     aria-invalid=\"false\"  \/>\n                        <\/div><\/li><li id=\"field_1_3\" class=\"gfield gfield--type-phone field_sublabel_below gfield--no-description field_description_below field_validation_below gfield_visibility_visible\"  data-js-reload=\"field_1_3\" ><label class='gfield_label gform-field-label' for='input_1_3'>Votre t\u00e9l\u00e9phone<\/label><div class='ginput_container ginput_container_phone'><input name='input_3' id='input_1_3' type='tel' value='' class='large'    aria-invalid=\"false\"   \/><\/div><\/li><li id=\"field_1_4\" class=\"gfield gfield--type-textarea field_sublabel_below gfield--no-description field_description_below field_validation_below gfield_visibility_visible\"  data-js-reload=\"field_1_4\" ><label class='gfield_label gform-field-label' for='input_1_4'>Votre message<\/label><div class='ginput_container ginput_container_textarea'><textarea name='input_4' id='input_1_4' class='textarea large'      aria-invalid=\"false\"   rows='10' cols='50'><\/textarea><\/div><\/li><\/ul><\/div>\n        <div class='gform_footer top_label'> <input type='submit' id='gform_submit_button_1' class='gform_button button' value='Envoyer'  onclick='if(window[\"gf_submitting_1\"]){return false;}  if( !jQuery(\"#gform_1\")[0].checkValidity || jQuery(\"#gform_1\")[0].checkValidity()){window[\"gf_submitting_1\"]=true;}  ' onkeypress='if( event.keyCode == 13 ){ if(window[\"gf_submitting_1\"]){return false;} if( !jQuery(\"#gform_1\")[0].checkValidity || jQuery(\"#gform_1\")[0].checkValidity()){window[\"gf_submitting_1\"]=true;}  jQuery(\"#gform_1\").trigger(\"submit\",[true]); }' \/> \n            <input type='hidden' class='gform_hidden' name='is_submit_1' value='1' \/>\n            <input type='hidden' class='gform_hidden' name='gform_submit' value='1' \/>\n            \n            <input type='hidden' class='gform_hidden' name='gform_unique_id' value='' \/>\n            <input type='hidden' class='gform_hidden' name='state_1' value='WyJbXSIsImE2ZmIxYjEyZTJlNzEyMDNhMzZiZTJlMDI0N2VlMGMxIl0=' \/>\n            <input type='hidden' class='gform_hidden' name='gform_target_page_number_1' id='gform_target_page_number_1' value='0' \/>\n            <input type='hidden' class='gform_hidden' name='gform_source_page_number_1' id='gform_source_page_number_1' value='1' \/>\n            <input type='hidden' name='gform_field_values' value='' \/>\n            \n        <\/div>\n                        <\/form>\n                        <\/div><script>\ngform.initializeOnLoaded( function() {gformInitSpinner( 1, 'https:\/\/smglawmiami.com\/wp-content\/plugins\/gravityforms\/images\/spinner.svg', true );jQuery('#gform_ajax_frame_1').on('load',function(){var contents = jQuery(this).contents().find('*').html();var is_postback = contents.indexOf('GF_AJAX_POSTBACK') >= 0;if(!is_postback){return;}var form_content = jQuery(this).contents().find('#gform_wrapper_1');var is_confirmation = jQuery(this).contents().find('#gform_confirmation_wrapper_1').length > 0;var is_redirect = contents.indexOf('gformRedirect(){') >= 0;var is_form = form_content.length > 0 && ! is_redirect && ! is_confirmation;var mt = parseInt(jQuery('html').css('margin-top'), 10) + parseInt(jQuery('body').css('margin-top'), 10) + 100;if(is_form){jQuery('#gform_wrapper_1').html(form_content.html());if(form_content.hasClass('gform_validation_error')){jQuery('#gform_wrapper_1').addClass('gform_validation_error');} else {jQuery('#gform_wrapper_1').removeClass('gform_validation_error');}setTimeout( function() { \/* delay the scroll by 50 milliseconds to fix a bug in chrome *\/  }, 50 );if(window['gformInitDatepicker']) {gformInitDatepicker();}if(window['gformInitPriceFields']) {gformInitPriceFields();}var current_page = jQuery('#gform_source_page_number_1').val();gformInitSpinner( 1, 'https:\/\/smglawmiami.com\/wp-content\/plugins\/gravityforms\/images\/spinner.svg', true );jQuery(document).trigger('gform_page_loaded', [1, current_page]);window['gf_submitting_1'] = false;}else if(!is_redirect){var confirmation_content = jQuery(this).contents().find('.GF_AJAX_POSTBACK').html();if(!confirmation_content){confirmation_content = contents;}jQuery('#gform_wrapper_1').replaceWith(confirmation_content);jQuery(document).trigger('gform_confirmation_loaded', [1]);window['gf_submitting_1'] = false;wp.a11y.speak(jQuery('#gform_confirmation_message_1').text());}else{jQuery('#gform_1').append(contents);if(window['gformRedirect']) {gformRedirect();}}jQuery(document).trigger(\"gform_pre_post_render\", [{ formId: \"1\", currentPage: \"current_page\", abort: function() { this.preventDefault(); } }]);                if (event && event.defaultPrevented) {                return;         }        const gformWrapperDiv = document.getElementById( \"gform_wrapper_1\" );        if ( gformWrapperDiv ) {            const visibilitySpan = document.createElement( \"span\" );            visibilitySpan.id = \"gform_visibility_test_1\";            gformWrapperDiv.insertAdjacentElement( \"afterend\", visibilitySpan );        }        const visibilityTestDiv = document.getElementById( \"gform_visibility_test_1\" );        let postRenderFired = false;                function triggerPostRender() {            if ( postRenderFired ) {                return;            }            postRenderFired = true;            jQuery( document ).trigger( 'gform_post_render', [1, current_page] );            gform.utils.trigger( { event: 'gform\/postRender', native: false, data: { formId: 1, currentPage: current_page } } );            if ( visibilityTestDiv ) {                visibilityTestDiv.parentNode.removeChild( visibilityTestDiv );            }        }        function debounce( func, wait, immediate ) {            var timeout;            return function() {                var context = this, args = arguments;                var later = function() {                    timeout = null;                    if ( !immediate ) func.apply( context, args );                };                var callNow = immediate && !timeout;                clearTimeout( timeout );                timeout = setTimeout( later, wait );                if ( callNow ) func.apply( context, args );            };        }        const debouncedTriggerPostRender = debounce( function() {            triggerPostRender();        }, 200 );        if ( visibilityTestDiv && visibilityTestDiv.offsetParent === null ) {            const observer = new MutationObserver( ( mutations ) => {                mutations.forEach( ( mutation ) => {                    if ( mutation.type === 'attributes' && visibilityTestDiv.offsetParent !== null ) {                        debouncedTriggerPostRender();                        observer.disconnect();                    }                });            });            observer.observe( document.body, {                attributes: true,                childList: false,                subtree: true,                attributeFilter: [ 'style', 'class' ],            });        } else {            triggerPostRender();        }    } );} );\n<\/script>\n\n","protected":false},"excerpt":{"rendered":"<p>Les Lois relatives \u00e0 l\u2019immigration aux USA sont f\u00e9d\u00e9rales (applicable de la m\u00eame mani\u00e8re sur tout le territoire des Etats-Unis). Toutefois, elles \u00e9voluent sans cesse par le biais des r\u00e9gulations, ainsi que par les interpr\u00e9tations l\u00e9gales \u00e9tablies par l\u2019USCIS, Agence du Gouvernement en charge de l\u2019immigration aux USA. Les Lois d\u2019immigration sont vastes, compliqu\u00e9es, et [&hellip;]<\/p>\n","protected":false},"author":3,"featured_media":211,"parent":332,"menu_order":0,"comment_status":"closed","ping_status":"closed","template":"","meta":{"footnotes":""},"class_list":["post-335","page","type-page","status-publish","has-post-thumbnail","hentry"],"yoast_head":"<!-- This site is optimized with the Yoast SEO plugin v23.6 - https:\/\/yoast.com\/wordpress\/plugins\/seo\/ -->\n<title>Droit de l&#039;immigration am\u00e9ricain par Sabrina Malek-Ghetti Law Firm, PLLC<\/title>\n<meta name=\"description\" content=\"Un statut d\u2019immigration est personnel et chaque situation est diff\u00e9rente. Les Lois d\u2019immigration sont vastes, compliqu\u00e9es, et doivent souvent \u00eatre examin\u00e9es sous l\u2019angle d\u2019autres mati\u00e8res l\u00e9gales (par exemple le droit des affaires). Il est important de soumettre votre cas \u00e0 un avocat sp\u00e9cialis\u00e9.\" \/>\n<meta name=\"robots\" content=\"index, follow, max-snippet:-1, max-image-preview:large, max-video-preview:-1\" \/>\n<link rel=\"canonical\" href=\"https:\/\/smglawmiami.com\/fr\/domaines-expertise\/droit-immigration\/\" \/>\n<meta property=\"og:locale\" content=\"fr_FR\" \/>\n<meta property=\"og:type\" content=\"article\" \/>\n<meta property=\"og:title\" content=\"Droit de l&#039;immigration am\u00e9ricain par Sabrina Malek-Ghetti Law Firm, PLLC\" \/>\n<meta property=\"og:description\" content=\"Un statut d\u2019immigration est personnel et chaque situation est diff\u00e9rente. Les Lois d\u2019immigration sont vastes, compliqu\u00e9es, et doivent souvent \u00eatre examin\u00e9es sous l\u2019angle d\u2019autres mati\u00e8res l\u00e9gales (par exemple le droit des affaires). Il est important de soumettre votre cas \u00e0 un avocat sp\u00e9cialis\u00e9.\" \/>\n<meta property=\"og:url\" content=\"https:\/\/smglawmiami.com\/fr\/domaines-expertise\/droit-immigration\/\" \/>\n<meta property=\"og:site_name\" content=\"Sabrina Malek-Ghetti Law Firm, PLLC\" \/>\n<meta property=\"article:publisher\" content=\"https:\/\/www.facebook.com\/pg\/Sabrina-Malek-Ghetti-Law-Firm-PLLC-125391501494257\/\" \/>\n<meta property=\"article:modified_time\" content=\"2018-08-06T22:53:33+00:00\" \/>\n<meta property=\"og:image\" content=\"https:\/\/smglawmiami.com\/wp-content\/uploads\/2018\/04\/immigration-legal-services.jpg\" \/>\n\t<meta property=\"og:image:width\" content=\"1600\" \/>\n\t<meta property=\"og:image:height\" content=\"848\" \/>\n\t<meta property=\"og:image:type\" content=\"image\/jpeg\" \/>\n<meta name=\"twitter:card\" content=\"summary_large_image\" \/>\n<meta name=\"twitter:site\" content=\"@SMGLawMiami\" \/>\n<meta name=\"twitter:label1\" content=\"Dur\u00e9e de lecture estim\u00e9e\" \/>\n\t<meta name=\"twitter:data1\" content=\"1 minute\" \/>\n<script type=\"application\/ld+json\" class=\"yoast-schema-graph\">{\"@context\":\"https:\/\/schema.org\",\"@graph\":[{\"@type\":\"WebPage\",\"@id\":\"https:\/\/smglawmiami.com\/fr\/domaines-expertise\/droit-immigration\/\",\"url\":\"https:\/\/smglawmiami.com\/fr\/domaines-expertise\/droit-immigration\/\",\"name\":\"Droit de l'immigration am\u00e9ricain par Sabrina Malek-Ghetti Law Firm, PLLC\",\"isPartOf\":{\"@id\":\"https:\/\/smglawmiami.com\/#website\"},\"primaryImageOfPage\":{\"@id\":\"https:\/\/smglawmiami.com\/fr\/domaines-expertise\/droit-immigration\/#primaryimage\"},\"image\":{\"@id\":\"https:\/\/smglawmiami.com\/fr\/domaines-expertise\/droit-immigration\/#primaryimage\"},\"thumbnailUrl\":\"https:\/\/smglawmiami.com\/wp-content\/uploads\/2018\/04\/immigration-legal-services.jpg\",\"datePublished\":\"2018-04-08T16:14:42+00:00\",\"dateModified\":\"2018-08-06T22:53:33+00:00\",\"description\":\"Un statut d\u2019immigration est personnel et chaque situation est diff\u00e9rente. Les Lois d\u2019immigration sont vastes, compliqu\u00e9es, et doivent souvent \u00eatre examin\u00e9es sous l\u2019angle d\u2019autres mati\u00e8res l\u00e9gales (par exemple le droit des affaires). Il est important de soumettre votre cas \u00e0 un avocat sp\u00e9cialis\u00e9.\",\"breadcrumb\":{\"@id\":\"https:\/\/smglawmiami.com\/fr\/domaines-expertise\/droit-immigration\/#breadcrumb\"},\"inLanguage\":\"fr-FR\",\"potentialAction\":[{\"@type\":\"ReadAction\",\"target\":[\"https:\/\/smglawmiami.com\/fr\/domaines-expertise\/droit-immigration\/\"]}]},{\"@type\":\"ImageObject\",\"inLanguage\":\"fr-FR\",\"@id\":\"https:\/\/smglawmiami.com\/fr\/domaines-expertise\/droit-immigration\/#primaryimage\",\"url\":\"https:\/\/smglawmiami.com\/wp-content\/uploads\/2018\/04\/immigration-legal-services.jpg\",\"contentUrl\":\"https:\/\/smglawmiami.com\/wp-content\/uploads\/2018\/04\/immigration-legal-services.jpg\",\"width\":\"1600\",\"height\":\"848\"},{\"@type\":\"BreadcrumbList\",\"@id\":\"https:\/\/smglawmiami.com\/fr\/domaines-expertise\/droit-immigration\/#breadcrumb\",\"itemListElement\":[{\"@type\":\"ListItem\",\"position\":1,\"name\":\"Home\",\"item\":\"https:\/\/smglawmiami.com\/fr\/\"},{\"@type\":\"ListItem\",\"position\":2,\"name\":\"Nos domaines d&rsquo;expertise\",\"item\":\"https:\/\/smglawmiami.com\/fr\/domaines-expertise\/\"},{\"@type\":\"ListItem\",\"position\":3,\"name\":\"Droit de l&rsquo;immigration\"}]},{\"@type\":\"WebSite\",\"@id\":\"https:\/\/smglawmiami.com\/#website\",\"url\":\"https:\/\/smglawmiami.com\/\",\"name\":\"Sabrina Malek-Ghetti Law Firm, PLLC\",\"description\":\"Votre Avocat Fran\u00e7ais licenci\u00e9e au barreau de Floride\",\"publisher\":{\"@id\":\"https:\/\/smglawmiami.com\/#organization\"},\"potentialAction\":[{\"@type\":\"SearchAction\",\"target\":{\"@type\":\"EntryPoint\",\"urlTemplate\":\"https:\/\/smglawmiami.com\/?s={search_term_string}\"},\"query-input\":{\"@type\":\"PropertyValueSpecification\",\"valueRequired\":true,\"valueName\":\"search_term_string\"}}],\"inLanguage\":\"fr-FR\"},{\"@type\":\"Organization\",\"@id\":\"https:\/\/smglawmiami.com\/#organization\",\"name\":\"Sabrina Malek-Ghetti Law Firm, PLLC\",\"url\":\"https:\/\/smglawmiami.com\/\",\"logo\":{\"@type\":\"ImageObject\",\"inLanguage\":\"fr-FR\",\"@id\":\"https:\/\/smglawmiami.com\/#\/schema\/logo\/image\/\",\"url\":\"https:\/\/smglawmiami.com\/wp-content\/uploads\/2018\/04\/smg-law-miami-symbol.png\",\"contentUrl\":\"https:\/\/smglawmiami.com\/wp-content\/uploads\/2018\/04\/smg-law-miami-symbol.png\",\"width\":\"1200\",\"height\":\"1200\",\"caption\":\"Sabrina Malek-Ghetti Law Firm, PLLC\"},\"image\":{\"@id\":\"https:\/\/smglawmiami.com\/#\/schema\/logo\/image\/\"},\"sameAs\":[\"https:\/\/www.facebook.com\/pg\/Sabrina-Malek-Ghetti-Law-Firm-PLLC-125391501494257\/\",\"https:\/\/x.com\/SMGLawMiami\",\"https:\/\/www.linkedin.com\/in\/sabrina-malek-ghetti-esq-494b35b1\/\"]}]}<\/script>\n<!-- \/ Yoast SEO plugin. -->","yoast_head_json":{"title":"Droit de l'immigration am\u00e9ricain par Sabrina Malek-Ghetti Law Firm, PLLC","description":"Un statut d\u2019immigration est personnel et chaque situation est diff\u00e9rente. Les Lois d\u2019immigration sont vastes, compliqu\u00e9es, et doivent souvent \u00eatre examin\u00e9es sous l\u2019angle d\u2019autres mati\u00e8res l\u00e9gales (par exemple le droit des affaires). Il est important de soumettre votre cas \u00e0 un avocat sp\u00e9cialis\u00e9.","robots":{"index":"index","follow":"follow","max-snippet":"max-snippet:-1","max-image-preview":"max-image-preview:large","max-video-preview":"max-video-preview:-1"},"canonical":"https:\/\/smglawmiami.com\/fr\/domaines-expertise\/droit-immigration\/","og_locale":"fr_FR","og_type":"article","og_title":"Droit de l'immigration am\u00e9ricain par Sabrina Malek-Ghetti Law Firm, PLLC","og_description":"Un statut d\u2019immigration est personnel et chaque situation est diff\u00e9rente. Les Lois d\u2019immigration sont vastes, compliqu\u00e9es, et doivent souvent \u00eatre examin\u00e9es sous l\u2019angle d\u2019autres mati\u00e8res l\u00e9gales (par exemple le droit des affaires). Il est important de soumettre votre cas \u00e0 un avocat sp\u00e9cialis\u00e9.","og_url":"https:\/\/smglawmiami.com\/fr\/domaines-expertise\/droit-immigration\/","og_site_name":"Sabrina Malek-Ghetti Law Firm, PLLC","article_publisher":"https:\/\/www.facebook.com\/pg\/Sabrina-Malek-Ghetti-Law-Firm-PLLC-125391501494257\/","article_modified_time":"2018-08-06T22:53:33+00:00","og_image":[{"width":1600,"height":848,"url":"https:\/\/smglawmiami.com\/wp-content\/uploads\/2018\/04\/immigration-legal-services.jpg","type":"image\/jpeg"}],"twitter_card":"summary_large_image","twitter_site":"@SMGLawMiami","twitter_misc":{"Dur\u00e9e de lecture estim\u00e9e":"1 minute"},"schema":{"@context":"https:\/\/schema.org","@graph":[{"@type":"WebPage","@id":"https:\/\/smglawmiami.com\/fr\/domaines-expertise\/droit-immigration\/","url":"https:\/\/smglawmiami.com\/fr\/domaines-expertise\/droit-immigration\/","name":"Droit de l'immigration am\u00e9ricain par Sabrina Malek-Ghetti Law Firm, PLLC","isPartOf":{"@id":"https:\/\/smglawmiami.com\/#website"},"primaryImageOfPage":{"@id":"https:\/\/smglawmiami.com\/fr\/domaines-expertise\/droit-immigration\/#primaryimage"},"image":{"@id":"https:\/\/smglawmiami.com\/fr\/domaines-expertise\/droit-immigration\/#primaryimage"},"thumbnailUrl":"https:\/\/smglawmiami.com\/wp-content\/uploads\/2018\/04\/immigration-legal-services.jpg","datePublished":"2018-04-08T16:14:42+00:00","dateModified":"2018-08-06T22:53:33+00:00","description":"Un statut d\u2019immigration est personnel et chaque situation est diff\u00e9rente. Les Lois d\u2019immigration sont vastes, compliqu\u00e9es, et doivent souvent \u00eatre examin\u00e9es sous l\u2019angle d\u2019autres mati\u00e8res l\u00e9gales (par exemple le droit des affaires). Il est important de soumettre votre cas \u00e0 un avocat sp\u00e9cialis\u00e9.","breadcrumb":{"@id":"https:\/\/smglawmiami.com\/fr\/domaines-expertise\/droit-immigration\/#breadcrumb"},"inLanguage":"fr-FR","potentialAction":[{"@type":"ReadAction","target":["https:\/\/smglawmiami.com\/fr\/domaines-expertise\/droit-immigration\/"]}]},{"@type":"ImageObject","inLanguage":"fr-FR","@id":"https:\/\/smglawmiami.com\/fr\/domaines-expertise\/droit-immigration\/#primaryimage","url":"https:\/\/smglawmiami.com\/wp-content\/uploads\/2018\/04\/immigration-legal-services.jpg","contentUrl":"https:\/\/smglawmiami.com\/wp-content\/uploads\/2018\/04\/immigration-legal-services.jpg","width":"1600","height":"848"},{"@type":"BreadcrumbList","@id":"https:\/\/smglawmiami.com\/fr\/domaines-expertise\/droit-immigration\/#breadcrumb","itemListElement":[{"@type":"ListItem","position":1,"name":"Home","item":"https:\/\/smglawmiami.com\/fr\/"},{"@type":"ListItem","position":2,"name":"Nos domaines d&rsquo;expertise","item":"https:\/\/smglawmiami.com\/fr\/domaines-expertise\/"},{"@type":"ListItem","position":3,"name":"Droit de l&rsquo;immigration"}]},{"@type":"WebSite","@id":"https:\/\/smglawmiami.com\/#website","url":"https:\/\/smglawmiami.com\/","name":"Sabrina Malek-Ghetti Law Firm, PLLC","description":"Votre Avocat Fran\u00e7ais licenci\u00e9e au barreau de Floride","publisher":{"@id":"https:\/\/smglawmiami.com\/#organization"},"potentialAction":[{"@type":"SearchAction","target":{"@type":"EntryPoint","urlTemplate":"https:\/\/smglawmiami.com\/?s={search_term_string}"},"query-input":{"@type":"PropertyValueSpecification","valueRequired":true,"valueName":"search_term_string"}}],"inLanguage":"fr-FR"},{"@type":"Organization","@id":"https:\/\/smglawmiami.com\/#organization","name":"Sabrina Malek-Ghetti Law Firm, PLLC","url":"https:\/\/smglawmiami.com\/","logo":{"@type":"ImageObject","inLanguage":"fr-FR","@id":"https:\/\/smglawmiami.com\/#\/schema\/logo\/image\/","url":"https:\/\/smglawmiami.com\/wp-content\/uploads\/2018\/04\/smg-law-miami-symbol.png","contentUrl":"https:\/\/smglawmiami.com\/wp-content\/uploads\/2018\/04\/smg-law-miami-symbol.png","width":"1200","height":"1200","caption":"Sabrina Malek-Ghetti Law Firm, PLLC"},"image":{"@id":"https:\/\/smglawmiami.com\/#\/schema\/logo\/image\/"},"sameAs":["https:\/\/www.facebook.com\/pg\/Sabrina-Malek-Ghetti-Law-Firm-PLLC-125391501494257\/","https:\/\/x.com\/SMGLawMiami","https:\/\/www.linkedin.com\/in\/sabrina-malek-ghetti-esq-494b35b1\/"]}]}},"_links":{"self":[{"href":"https:\/\/smglawmiami.com\/fr\/wp-json\/wp\/v2\/pages\/335"}],"collection":[{"href":"https:\/\/smglawmiami.com\/fr\/wp-json\/wp\/v2\/pages"}],"about":[{"href":"https:\/\/smglawmiami.com\/fr\/wp-json\/wp\/v2\/types\/page"}],"author":[{"embeddable":true,"href":"https:\/\/smglawmiami.com\/fr\/wp-json\/wp\/v2\/users\/3"}],"replies":[{"embeddable":true,"href":"https:\/\/smglawmiami.com\/fr\/wp-json\/wp\/v2\/comments?post=335"}],"version-history":[{"count":7,"href":"https:\/\/smglawmiami.com\/fr\/wp-json\/wp\/v2\/pages\/335\/revisions"}],"predecessor-version":[{"id":661,"href":"https:\/\/smglawmiami.com\/fr\/wp-json\/wp\/v2\/pages\/335\/revisions\/661"}],"up":[{"embeddable":true,"href":"https:\/\/smglawmiami.com\/fr\/wp-json\/wp\/v2\/pages\/332"}],"wp:featuredmedia":[{"embeddable":true,"href":"https:\/\/smglawmiami.com\/fr\/wp-json\/wp\/v2\/media\/211"}],"wp:attachment":[{"href":"https:\/\/smglawmiami.com\/fr\/wp-json\/wp\/v2\/media?parent=335"}],"curies":[{"name":"wp","href":"https:\/\/api.w.org\/{rel}","templated":true}]}}