{"id":332,"date":"2018-03-24T20:56:34","date_gmt":"2018-03-25T00:56:34","guid":{"rendered":"https:\/\/smglawmiami.com\/practice-areas\/"},"modified":"2018-04-30T16:09:24","modified_gmt":"2018-04-30T20:09:24","slug":"domaines-expertise","status":"publish","type":"page","link":"https:\/\/smglawmiami.com\/fr\/domaines-expertise\/","title":{"rendered":"Nos domaines d&rsquo;expertise"},"content":{"rendered":"<p>Notre Cabinet offre conseils et repr\u00e9sentation en droit de l&rsquo;immigration. Aussi, nous vous procurons des conseils qui se situent \u00e0 l&rsquo;intersection du droit de l&rsquo;immigration et du droit commercial, quand votre situation particuli\u00e8re l&rsquo;exige. La plupart du temps, les avocats d&rsquo;immigration se limitent \u00e0 vous repr\u00e9senter pour l&rsquo;\u00e9tablissement de votre dossier de demande de visa et ne veulent pas \u00eatre impliqu\u00e9s dans les autres aspects de votre dossier. Notre Cabinet a une autre vision, et durant tout le processus de construction de votre dossier de demande de visa, nous v\u00e9rifions que vos transactions commerciales sont en conformit\u00e9 avec les lois d&rsquo;immigration.<\/p>\n<h2>Droit de l&rsquo;immigration<\/h2>\n<p>Les Lois relatives \u00e0 l\u2019immigration aux USA sont f\u00e9d\u00e9rales (applicable de la m\u00eame mani\u00e8re sur tout le territoire des Etats-Unis). Toutefois, elles \u00e9voluent sans cesse par le biais des r\u00e9gulations, ainsi que par les interpr\u00e9tations l\u00e9gales \u00e9tablies par l\u2019USCIS, Agence du Gouvernement en charge de l\u2019immigration aux USA.<a href=\"https:\/\/smglawmiami.com\/fr\/domaines-expertise\/droit-immigration\/\">Lire la suite<\/a><\/p>\n<h2>Droit commercial<\/h2>\n<p>Notre Cabinet procure des conseils en Droit des Affaires sous l\u2019angle sp\u00e9cifique du droit de l\u2019immigration. Certains d\u00e9tails sont fondamentaux lors de l&rsquo;\u00e9tablissement de votre demande de visa, et certains de vos droits et obligations en la mati\u00e8re d\u00e9coulent directement du type de visa ou de statut dont vous b\u00e9n\u00e9ficiez aux Etats-Unis.<a href=\"https:\/\/smglawmiami.com\/fr\/domaines-expertise\/droit-commercial\/\">Lire la suite<\/a><\/p>\n","protected":false},"excerpt":{"rendered":"<p>Notre Cabinet offre conseils et repr\u00e9sentation en droit de l&rsquo;immigration. Aussi, nous vous procurons des conseils qui se situent \u00e0 l&rsquo;intersection du droit de l&rsquo;immigration et du droit commercial, quand votre situation particuli\u00e8re l&rsquo;exige. La plupart du temps, les avocats d&rsquo;immigration se limitent \u00e0 vous repr\u00e9senter pour l&rsquo;\u00e9tablissement de votre dossier de demande de visa [&hellip;]<\/p>\n","protected":false},"author":3,"featured_media":299,"parent":0,"menu_order":0,"comment_status":"closed","ping_status":"closed","template":"","meta":{"footnotes":""},"class_list":["post-332","page","type-page","status-publish","has-post-thumbnail","hentry"],"yoast_head":"<!-- This site is optimized with the Yoast SEO plugin v23.6 - https:\/\/yoast.com\/wordpress\/plugins\/seo\/ -->\n<title>Nos domaines d&#039;expertise - Sabrina Malek-Ghetti Law Firm, PLLC<\/title>\n<meta name=\"robots\" content=\"index, follow, max-snippet:-1, max-image-preview:large, max-video-preview:-1\" \/>\n<link rel=\"canonical\" href=\"https:\/\/smglawmiami.com\/fr\/domaines-expertise\/\" \/>\n<meta property=\"og:locale\" content=\"fr_FR\" \/>\n<meta property=\"og:type\" content=\"article\" \/>\n<meta property=\"og:title\" content=\"Nos domaines d&#039;expertise - Sabrina Malek-Ghetti Law Firm, PLLC\" \/>\n<meta property=\"og:description\" content=\"Notre Cabinet offre conseils et repr\u00e9sentation en droit de l&rsquo;immigration. Aussi, nous vous procurons des conseils qui se situent \u00e0 l&rsquo;intersection du droit de l&rsquo;immigration et du droit commercial, quand votre situation particuli\u00e8re l&rsquo;exige. La plupart du temps, les avocats d&rsquo;immigration se limitent \u00e0 vous repr\u00e9senter pour l&rsquo;\u00e9tablissement de votre dossier de demande de visa [&hellip;]\" \/>\n<meta property=\"og:url\" content=\"https:\/\/smglawmiami.com\/fr\/domaines-expertise\/\" \/>\n<meta property=\"og:site_name\" content=\"Sabrina Malek-Ghetti Law Firm, PLLC\" \/>\n<meta property=\"article:publisher\" content=\"https:\/\/www.facebook.com\/pg\/Sabrina-Malek-Ghetti-Law-Firm-PLLC-125391501494257\/\" \/>\n<meta property=\"article:modified_time\" content=\"2018-04-30T20:09:24+00:00\" \/>\n<meta property=\"og:image\" content=\"https:\/\/smglawmiami.com\/wp-content\/uploads\/2018\/04\/empire-state-building.jpg\" \/>\n\t<meta property=\"og:image:width\" content=\"1600\" \/>\n\t<meta property=\"og:image:height\" content=\"1066\" \/>\n\t<meta property=\"og:image:type\" content=\"image\/jpeg\" \/>\n<meta name=\"twitter:card\" content=\"summary_large_image\" \/>\n<meta name=\"twitter:site\" content=\"@SMGLawMiami\" \/>\n<meta name=\"twitter:label1\" content=\"Dur\u00e9e de lecture estim\u00e9e\" \/>\n\t<meta name=\"twitter:data1\" content=\"1 minute\" \/>\n<script type=\"application\/ld+json\" class=\"yoast-schema-graph\">{\"@context\":\"https:\/\/schema.org\",\"@graph\":[{\"@type\":\"WebPage\",\"@id\":\"https:\/\/smglawmiami.com\/fr\/domaines-expertise\/\",\"url\":\"https:\/\/smglawmiami.com\/fr\/domaines-expertise\/\",\"name\":\"Nos domaines d'expertise - Sabrina Malek-Ghetti Law Firm, PLLC\",\"isPartOf\":{\"@id\":\"https:\/\/smglawmiami.com\/#website\"},\"primaryImageOfPage\":{\"@id\":\"https:\/\/smglawmiami.com\/fr\/domaines-expertise\/#primaryimage\"},\"image\":{\"@id\":\"https:\/\/smglawmiami.com\/fr\/domaines-expertise\/#primaryimage\"},\"thumbnailUrl\":\"https:\/\/smglawmiami.com\/wp-content\/uploads\/2018\/04\/empire-state-building.jpg\",\"datePublished\":\"2018-03-25T00:56:34+00:00\",\"dateModified\":\"2018-04-30T20:09:24+00:00\",\"breadcrumb\":{\"@id\":\"https:\/\/smglawmiami.com\/fr\/domaines-expertise\/#breadcrumb\"},\"inLanguage\":\"fr-FR\",\"potentialAction\":[{\"@type\":\"ReadAction\",\"target\":[\"https:\/\/smglawmiami.com\/fr\/domaines-expertise\/\"]}]},{\"@type\":\"ImageObject\",\"inLanguage\":\"fr-FR\",\"@id\":\"https:\/\/smglawmiami.com\/fr\/domaines-expertise\/#primaryimage\",\"url\":\"https:\/\/smglawmiami.com\/wp-content\/uploads\/2018\/04\/empire-state-building.jpg\",\"contentUrl\":\"https:\/\/smglawmiami.com\/wp-content\/uploads\/2018\/04\/empire-state-building.jpg\",\"width\":\"1600\",\"height\":\"1066\"},{\"@type\":\"BreadcrumbList\",\"@id\":\"https:\/\/smglawmiami.com\/fr\/domaines-expertise\/#breadcrumb\",\"itemListElement\":[{\"@type\":\"ListItem\",\"position\":1,\"name\":\"Home\",\"item\":\"https:\/\/smglawmiami.com\/fr\/\"},{\"@type\":\"ListItem\",\"position\":2,\"name\":\"Nos domaines d&rsquo;expertise\"}]},{\"@type\":\"WebSite\",\"@id\":\"https:\/\/smglawmiami.com\/#website\",\"url\":\"https:\/\/smglawmiami.com\/\",\"name\":\"Sabrina Malek-Ghetti Law Firm, PLLC\",\"description\":\"Votre Avocat Fran\u00e7ais licenci\u00e9e au barreau de Floride\",\"publisher\":{\"@id\":\"https:\/\/smglawmiami.com\/#organization\"},\"potentialAction\":[{\"@type\":\"SearchAction\",\"target\":{\"@type\":\"EntryPoint\",\"urlTemplate\":\"https:\/\/smglawmiami.com\/?s={search_term_string}\"},\"query-input\":{\"@type\":\"PropertyValueSpecification\",\"valueRequired\":true,\"valueName\":\"search_term_string\"}}],\"inLanguage\":\"fr-FR\"},{\"@type\":\"Organization\",\"@id\":\"https:\/\/smglawmiami.com\/#organization\",\"name\":\"Sabrina Malek-Ghetti Law Firm, PLLC\",\"url\":\"https:\/\/smglawmiami.com\/\",\"logo\":{\"@type\":\"ImageObject\",\"inLanguage\":\"fr-FR\",\"@id\":\"https:\/\/smglawmiami.com\/#\/schema\/logo\/image\/\",\"url\":\"https:\/\/smglawmiami.com\/wp-content\/uploads\/2018\/04\/smg-law-miami-symbol.png\",\"contentUrl\":\"https:\/\/smglawmiami.com\/wp-content\/uploads\/2018\/04\/smg-law-miami-symbol.png\",\"width\":\"1200\",\"height\":\"1200\",\"caption\":\"Sabrina Malek-Ghetti Law Firm, PLLC\"},\"image\":{\"@id\":\"https:\/\/smglawmiami.com\/#\/schema\/logo\/image\/\"},\"sameAs\":[\"https:\/\/www.facebook.com\/pg\/Sabrina-Malek-Ghetti-Law-Firm-PLLC-125391501494257\/\",\"https:\/\/x.com\/SMGLawMiami\",\"https:\/\/www.linkedin.com\/in\/sabrina-malek-ghetti-esq-494b35b1\/\"]}]}<\/script>\n<!-- \/ Yoast SEO plugin. -->","yoast_head_json":{"title":"Nos domaines d'expertise - Sabrina Malek-Ghetti Law Firm, PLLC","robots":{"index":"index","follow":"follow","max-snippet":"max-snippet:-1","max-image-preview":"max-image-preview:large","max-video-preview":"max-video-preview:-1"},"canonical":"https:\/\/smglawmiami.com\/fr\/domaines-expertise\/","og_locale":"fr_FR","og_type":"article","og_title":"Nos domaines d'expertise - Sabrina Malek-Ghetti Law Firm, PLLC","og_description":"Notre Cabinet offre conseils et repr\u00e9sentation en droit de l&rsquo;immigration. Aussi, nous vous procurons des conseils qui se situent \u00e0 l&rsquo;intersection du droit de l&rsquo;immigration et du droit commercial, quand votre situation particuli\u00e8re l&rsquo;exige. La plupart du temps, les avocats d&rsquo;immigration se limitent \u00e0 vous repr\u00e9senter pour l&rsquo;\u00e9tablissement de votre dossier de demande de visa [&hellip;]","og_url":"https:\/\/smglawmiami.com\/fr\/domaines-expertise\/","og_site_name":"Sabrina Malek-Ghetti Law Firm, PLLC","article_publisher":"https:\/\/www.facebook.com\/pg\/Sabrina-Malek-Ghetti-Law-Firm-PLLC-125391501494257\/","article_modified_time":"2018-04-30T20:09:24+00:00","og_image":[{"width":1600,"height":1066,"url":"https:\/\/smglawmiami.com\/wp-content\/uploads\/2018\/04\/empire-state-building.jpg","type":"image\/jpeg"}],"twitter_card":"summary_large_image","twitter_site":"@SMGLawMiami","twitter_misc":{"Dur\u00e9e de lecture estim\u00e9e":"1 minute"},"schema":{"@context":"https:\/\/schema.org","@graph":[{"@type":"WebPage","@id":"https:\/\/smglawmiami.com\/fr\/domaines-expertise\/","url":"https:\/\/smglawmiami.com\/fr\/domaines-expertise\/","name":"Nos domaines d'expertise - Sabrina Malek-Ghetti Law Firm, PLLC","isPartOf":{"@id":"https:\/\/smglawmiami.com\/#website"},"primaryImageOfPage":{"@id":"https:\/\/smglawmiami.com\/fr\/domaines-expertise\/#primaryimage"},"image":{"@id":"https:\/\/smglawmiami.com\/fr\/domaines-expertise\/#primaryimage"},"thumbnailUrl":"https:\/\/smglawmiami.com\/wp-content\/uploads\/2018\/04\/empire-state-building.jpg","datePublished":"2018-03-25T00:56:34+00:00","dateModified":"2018-04-30T20:09:24+00:00","breadcrumb":{"@id":"https:\/\/smglawmiami.com\/fr\/domaines-expertise\/#breadcrumb"},"inLanguage":"fr-FR","potentialAction":[{"@type":"ReadAction","target":["https:\/\/smglawmiami.com\/fr\/domaines-expertise\/"]}]},{"@type":"ImageObject","inLanguage":"fr-FR","@id":"https:\/\/smglawmiami.com\/fr\/domaines-expertise\/#primaryimage","url":"https:\/\/smglawmiami.com\/wp-content\/uploads\/2018\/04\/empire-state-building.jpg","contentUrl":"https:\/\/smglawmiami.com\/wp-content\/uploads\/2018\/04\/empire-state-building.jpg","width":"1600","height":"1066"},{"@type":"BreadcrumbList","@id":"https:\/\/smglawmiami.com\/fr\/domaines-expertise\/#breadcrumb","itemListElement":[{"@type":"ListItem","position":1,"name":"Home","item":"https:\/\/smglawmiami.com\/fr\/"},{"@type":"ListItem","position":2,"name":"Nos domaines d&rsquo;expertise"}]},{"@type":"WebSite","@id":"https:\/\/smglawmiami.com\/#website","url":"https:\/\/smglawmiami.com\/","name":"Sabrina Malek-Ghetti Law Firm, PLLC","description":"Votre Avocat Fran\u00e7ais licenci\u00e9e au barreau de Floride","publisher":{"@id":"https:\/\/smglawmiami.com\/#organization"},"potentialAction":[{"@type":"SearchAction","target":{"@type":"EntryPoint","urlTemplate":"https:\/\/smglawmiami.com\/?s={search_term_string}"},"query-input":{"@type":"PropertyValueSpecification","valueRequired":true,"valueName":"search_term_string"}}],"inLanguage":"fr-FR"},{"@type":"Organization","@id":"https:\/\/smglawmiami.com\/#organization","name":"Sabrina Malek-Ghetti Law Firm, PLLC","url":"https:\/\/smglawmiami.com\/","logo":{"@type":"ImageObject","inLanguage":"fr-FR","@id":"https:\/\/smglawmiami.com\/#\/schema\/logo\/image\/","url":"https:\/\/smglawmiami.com\/wp-content\/uploads\/2018\/04\/smg-law-miami-symbol.png","contentUrl":"https:\/\/smglawmiami.com\/wp-content\/uploads\/2018\/04\/smg-law-miami-symbol.png","width":"1200","height":"1200","caption":"Sabrina Malek-Ghetti Law Firm, PLLC"},"image":{"@id":"https:\/\/smglawmiami.com\/#\/schema\/logo\/image\/"},"sameAs":["https:\/\/www.facebook.com\/pg\/Sabrina-Malek-Ghetti-Law-Firm-PLLC-125391501494257\/","https:\/\/x.com\/SMGLawMiami","https:\/\/www.linkedin.com\/in\/sabrina-malek-ghetti-esq-494b35b1\/"]}]}},"_links":{"self":[{"href":"https:\/\/smglawmiami.com\/fr\/wp-json\/wp\/v2\/pages\/332"}],"collection":[{"href":"https:\/\/smglawmiami.com\/fr\/wp-json\/wp\/v2\/pages"}],"about":[{"href":"https:\/\/smglawmiami.com\/fr\/wp-json\/wp\/v2\/types\/page"}],"author":[{"embeddable":true,"href":"https:\/\/smglawmiami.com\/fr\/wp-json\/wp\/v2\/users\/3"}],"replies":[{"embeddable":true,"href":"https:\/\/smglawmiami.com\/fr\/wp-json\/wp\/v2\/comments?post=332"}],"version-history":[{"count":10,"href":"https:\/\/smglawmiami.com\/fr\/wp-json\/wp\/v2\/pages\/332\/revisions"}],"predecessor-version":[{"id":642,"href":"https:\/\/smglawmiami.com\/fr\/wp-json\/wp\/v2\/pages\/332\/revisions\/642"}],"wp:featuredmedia":[{"embeddable":true,"href":"https:\/\/smglawmiami.com\/fr\/wp-json\/wp\/v2\/media\/299"}],"wp:attachment":[{"href":"https:\/\/smglawmiami.com\/fr\/wp-json\/wp\/v2\/media?parent=332"}],"curies":[{"name":"wp","href":"https:\/\/api.w.org\/{rel}","templated":true}]}}