{"id":330,"date":"2018-04-08T09:59:29","date_gmt":"2018-04-08T13:59:29","guid":{"rendered":"https:\/\/smglawmiami.com\/home\/"},"modified":"2026-03-30T22:38:11","modified_gmt":"2026-03-31T02:38:11","slug":"accueil","status":"publish","type":"page","link":"https:\/\/smglawmiami.com\/fr\/","title":{"rendered":"Accueil"},"content":{"rendered":"\n\t<style>\n\t\t.home.blog .site-header, .home.post-type-archive-product .site-header,\n\t\t.home.page:not(.page-template-template-homepage) .site-header, .storefront-pro-active .site-header,\n\t\t.storefront-pro-active .storefront-breadcrumb, .storefront-pro-active .no-wc-breadcrumb .site-header { margin-bottom: 0; }\n\t\t.storefront-pro-active .storefront-breadcrumb { display: none; }\n\t\t.storefront-pro-active .hentry .entry-header { display: none; }\n\t\t.storefront-pro-active #secondary { margin-top: 4.236em; }\n\t\t.storefront-pro-active .page.hentry { margin: 0; padding: 0; border: none; }\n\t\t.storefront-pro-active .site-main,\n\t\t.sfp-nav-styleleft-vertical #content,\n\t\t.storefront-pro-active .content-area {margin: 0;}\n\t<\/style>\t\t<div id=\"pootle-page-builder\">\n\t\t\t<!----------Pootle Page Builder Inline Styles---------->\n\t\t\t<style id=\"pootle-live-editor-styles\" type=\"text\/css\" media=\"all\">\n\t\t\t\t#pgc-330-0-0 , #pgc-330-0-1 { width:48% } .panel-grid-cell .panel { margin-bottom: 0px } @media ( max-width:780px ) { #pootle-page-builder .panel-grid-cell-container .panel-grid-cell { width:100%;flex: 1 0; } #pootle-page-builder .panel-grid-cell-container { flex-direction: column; } .panel-grid-cell:not(:last-child) { margin-bottom: 0px } .ppb-no-mobile-spacing { padding: 0 !important; margin: 0 !important; } .hide-on-mobile { display: none } br.rwd { display: block } .ppb-mobile-behaviour-2.ppb-block { margin-left:auto!important;margin-right:auto!important;margin-top:auto!important;margin-bottom:auto!important } .panel-grid { margin-left: 0 !important; margin-right: 0 !important; } .panel-grid-cell { padding: 0 !important; max-width: 100% !important; }  } \t\t\t<\/style>\n\t\t\t<div class=\"panel-grid ppb-row\" id=\"pg-330-0\" style=\"margin-top: 50px;margin-bottom: 50px;\" ><div class=\"ppb-row panel-row-style panel-row-style- \" style=\"\" ><style>#pg-330-0 .panel-grid-cell { padding: 0 2% 0; }<\/style><div class='panel-grid-cell-container'><div class=\"ppb-col panel-grid-cell \" id=\"pgc-330-0-0\" ><div id=\"panel-330-0-0-0\" class=\"ppb-block ppb-no-mobile-spacing\" style=\"\" ><p>\n<div class=\"su-service\"><div class=\"su-service-title\" style=\"padding-left:74px;min-height:60px;line-height:60px\"><img loading=\"lazy\" decoding=\"async\" src=\"\/wp-content\/uploads\/2018\/04\/passport-icon-1.svg\" width=\"60\" height=\"60\" alt=\"Droit de l&#039;immigration\" style=\"width:60px;height:60px\" \/> Droit de l'immigration<\/div><div class=\"su-service-content su-u-clearfix su-u-trim\" style=\"padding-left:74px\">Les Lois relatives \u00e0 l\u2019immigration aux USA sont f\u00e9d\u00e9rales (applicable de la m\u00eame mani\u00e8re sur tout le territoire des Etats-Unis). Toutefois, elles \u00e9voluent sans cesse par le biais des r\u00e9gulations, ainsi que par les interpr\u00e9tations l\u00e9gales \u00e9tablies par l\u2019USCIS, Agence du Gouvernement en charge de l\u2019immigration aux USA.\u00a0<strong><a href=\"https:\/\/smglawmiami.com\/fr\/domaines-expertise\/droit-immigration\/\">Lire la suite<\/a>\u00a0<\/strong><\/div><\/div>\n<\/p><\/div><\/div><div class=\"ppb-col panel-grid-cell \" id=\"pgc-330-0-1\" ><div id=\"panel-330-0-1-0\" class=\"ppb-block ppb-no-mobile-spacing\" style=\"\" ><p>\n<div class=\"su-service\"><div class=\"su-service-title\" style=\"padding-left:74px;min-height:60px;line-height:60px\"><img loading=\"lazy\" decoding=\"async\" src=\"\/wp-content\/uploads\/2018\/04\/business-icon-4.svg\" width=\"60\" height=\"60\" alt=\"Droit Commercial\" style=\"width:60px;height:60px\" \/> Droit Commercial<\/div><div class=\"su-service-content su-u-clearfix su-u-trim\" style=\"padding-left:74px\">Notre Cabinet procure des conseils en Droit des Affaires en particulier sous l\u2019angle sp\u00e9cifique du droit de l\u2019immigration.\u00a0<strong><a href=\"https:\/\/smglawmiami.com\/fr\/domaines-expertise\/droit-commercial\/\">Lire la suite<\/a><\/strong><\/div><\/div>\n<\/p><p>\n\u00a0\n<\/p><\/div><\/div><\/div><!--.panel-grid-cell-container--><\/div><!--.panel-row-style--><\/div><!--.panel-grid--><div class=\"panel-grid ppb-row\" id=\"pg-330-1\" style=\"margin-bottom: 80px;\" ><div class=\"ppb-row panel-row-style panel-row-style- \" style=\"\" ><style>#pg-330-1 .panel-grid-cell { padding: 0 0.5% 0; }<\/style><div class='panel-grid-cell-container'><div class=\"ppb-col panel-grid-cell \" id=\"pgc-330-1-0\" ><div id=\"panel-330-1-0-0\" class=\"ppb-block ppb-no-mobile-spacing\" style=\"\" ><p>\n<img loading=\"lazy\" decoding=\"async\" class=\"size-medium wp-image-466 aligncenter\" src=\"https:\/\/smglawmiami.com\/wp-content\/uploads\/2018\/04\/smg-logo-blue.svg\" alt=\"\" width=\"400\" height=\"400\" \/>\n<\/p><\/div><\/div><\/div><!--.panel-grid-cell-container--><\/div><!--.panel-row-style--><\/div><!--.panel-grid--><div class=\"panel-grid ppb-row\" id=\"pg-330-2\" style=\"margin-bottom: 0;\" ><div class=\"ppb-row panel-row-style panel-row-style-  ppb-row-effect-2 ppb-stretch-full-width ppb-stretch-full-width-1 ppb-full-width-no-bg\" style=\"background-image: url( https:\/\/smglawmiami.com\/wp-content\/uploads\/2018\/04\/sabrina-malek-smg-law-miami-library-2.jpg ); background-size: 100% auto; background-repeat: no-repeat; min-height:400px;\" ><style>#pg-330-2 .panel-grid-cell { padding: 0 0.5% 0; }<\/style><div class='panel-grid-cell-container'><div class=\"ppb-col panel-grid-cell \" id=\"pgc-330-2-0\" ><\/div><\/div><!--.panel-grid-cell-container--><\/div><!--.panel-row-style--><\/div><!--.panel-grid--><div class=\"panel-grid ppb-row\" id=\"pg-330-3\" style=\"margin-top: 80px;margin-bottom: 80px;\" ><div class=\"ppb-row panel-row-style panel-row-style- \" style=\"\" ><style>#pg-330-3 .panel-grid-cell { padding: 0 0.5% 0; }<\/style><div class='panel-grid-cell-container'><div class=\"ppb-col panel-grid-cell \" id=\"pgc-330-3-0\" ><div id=\"panel-330-3-0-0\" class=\"ppb-block ppb-no-mobile-spacing\" style=\"\" ><h2 style=\"text-align: left;\"><strong>Sabrina Malek-Ghetti, Esq.\u00a0<\/strong><\/h2><h2 style=\"text-align: left;\"><strong><img loading=\"lazy\" decoding=\"async\" class=\"size-medium wp-image-170 alignleft\" src=\"https:\/\/smglawmiami.com\/wp-content\/uploads\/2018\/04\/sabrina-malek-ghetti-300x256.png\" alt=\"\" width=\"300\" height=\"256\" srcset=\"https:\/\/smglawmiami.com\/wp-content\/uploads\/2018\/04\/sabrina-malek-ghetti-300x256.png 300w, https:\/\/smglawmiami.com\/wp-content\/uploads\/2018\/04\/sabrina-malek-ghetti.png 478w\" sizes=\"auto, (max-width: 300px) 100vw, 300px\" \/><\/strong><\/h2><p>\nSabrina Malek-Ghetti, Esq. est une avocate fran\u00e7aise, admise \u00e0 pratiquer le droit dans l'\u00c9tat de Floride. Avant de venir vivre \u00e0 Miami, Sabrina \u00e9tait avocate en France, o\u00f9 elle a travaill\u00e9 pendant plusieurs ann\u00e9es dans des Cabinets d'avocats de renom, avant d\u2019ouvrir son Cabinet \u00e0 Nice o\u00f9 elle s'est sp\u00e9cialis\u00e9e dans le contentieux civil, p\u00e9nal et du travail. Sabrina a \u00e9galement enseign\u00e9 le droit civil fran\u00e7ais \u00e0 des \u00e9tudiants en comptabilit\u00e9 dans une universit\u00e9 priv\u00e9e pendant deux ans.\n<\/p><p>\n<a href=\"\/fr\/notre-cabinet\/\" class=\"su-button su-button-style-flat\" style=\"color:#f2dca7;background-color:#424754;border-color:#353944;border-radius:0px\" target=\"_self\"><span style=\"color:#f2dca7;padding:0px 20px;font-size:16px;line-height:32px;border-color:#7b7f88;border-radius:0px;text-shadow:none\"> Lire la suite<\/span><\/a>\n<\/p><\/div><\/div><\/div><!--.panel-grid-cell-container--><\/div><!--.panel-row-style--><\/div><!--.panel-grid--><div class=\"panel-grid ppb-row\" id=\"pg-330-4\" style=\"margin-top: 50px;margin-bottom: 0;\" ><div class=\"ppb-row panel-row-style panel-row-style-  ppb-stretch-full-width ppb-stretch-full-width-1 ppb-full-width-no-bg ppb-match-col-hi\" style=\"background-color: #f2dca7;\" ><style>#pg-330-4 .panel-grid-cell { padding: 0 2% 0; }<\/style><div class='panel-grid-cell-container'><div class=\"ppb-col panel-grid-cell \" id=\"pgc-330-4-0\" ><div id=\"panel-330-4-0-0\" class=\"ppb-block ppb-no-mobile-spacing\" style=\"padding-left:20%;\npadding-right:20%;\" ><p style=\"text-align: center;\">\u00a0\n<\/p><h3><i class=\"fa fa-balance-scale \" ><\/i> Sabrina Malek-Ghetti Law Firm, PLLC<\/h3><p>\n2525 PONCE DE LEON BLVD<br \/>Suite 300<br \/>Coral Gables, FL 33134\n<\/p><p>\n<i class=\"fa fa-envelope-o \" ><\/i> contact@smglawmiami.com<br \/><i class=\"fa fa-phone \" ><\/i> (786) 435-3661\n<\/p><\/div><\/div><\/div><!--.panel-grid-cell-container--><\/div><!--.panel-row-style--><\/div><!--.panel-grid--><div class=\"panel-grid ppb-row\" id=\"pg-330-5\" style=\"margin-bottom: 0;\" ><div class=\"ppb-row panel-row-style panel-row-style-  ppb-stretch-full-width ppb-stretch-full-width-1 ppb-full-width-no-bg\" style=\"background-color: #f2dca7;\" ><style>#pg-330-5 .panel-grid-cell { padding: 0 2% 0; }<\/style><div class='panel-grid-cell-container'><div class=\"ppb-col panel-grid-cell \" id=\"pgc-330-5-0\" ><div id=\"panel-330-5-0-0\" class=\"ppb-block ppb-no-mobile-spacing\" style=\"margin-bottom: 80px;padding-left:20%;\npadding-right:20%;\" >\n<a href=\"https:\/\/www.facebook.com\/pg\/Sabrina-Malek-Ghetti-Law-Firm-PLLC-125391501494257\/about\/?ref=page_internal\" target=\"_blank\"><i style=\"font-size:1.6em;margin-right:0.7em;\" class=\"fa fa-facebook-official\" aria-hidden=\"true\"><\/i><\/a><a href=\"https:\/\/twitter.com\/SMGLawMiami\"  target=\"_blank\"><i style=\"font-size:1.6em;margin-right:0.7em;\" class=\"fa fa-twitter-square\" aria-hidden=\"true\"><\/i><\/a><a href=\"https:\/\/www.linkedin.com\/in\/sabrina-malek-ghetti-esq-494b35b1\" target=\"_blank\"><i style=\"font-size:1.6em;margin-right:0.7em;\" class=\"fa fa-linkedin-square\" aria-hidden=\"true\"><\/i><\/a>\n<\/div><\/div><\/div><!--.panel-grid-cell-container--><\/div><!--.panel-row-style--><\/div><!--.panel-grid--><div class=\"panel-grid ppb-row\" id=\"pg-330-6\" style=\"margin-bottom: 0;\" ><div class=\"ppb-row panel-row-style panel-row-style-home-map home-map ppb-stretch-full-width ppb-stretch-full-width-2 ppb-full-width-no-bg\" style=\"\" ><style>#pg-330-6 .panel-grid-cell { padding: 0 0.5% 0; }<\/style><div class='panel-grid-cell-container'><div class=\"ppb-col panel-grid-cell \" id=\"pgc-330-6-0\" ><div id=\"panel-330-6-0-0\" class=\"ppb-block ppb-no-mobile-spacing\" style=\"\" ><p>\n<iframe loading=\"lazy\" style=\"border: 0; width: 100%;\" src=\"https:\/\/www.google.com\/maps\/embed?pb=!1m18!1m12!1m3!1d1796.8342947261483!2d-80.2590567309143!3d25.7484710709532!2m3!1f0!2f0!3f0!3m2!1i1024!2i768!4f13.1!3m3!1m2!1s0x88d9b7976c5edb6d%3A0x3a59c61bd71c84bf!2s2525%20Ponce%20de%20Leon%20Ste%20300%2C%20Coral%20Gables%2C%20FL%2033134!5e0!3m2!1sen!2sus!4v1656600025733!5m2!1sen!2sus\" width=\"100%\" height=\"350\" frameborder=\"0\" allowfullscreen=\"allowfullscreen\"><\/iframe>\n<\/p><\/div><\/div><\/div><!--.panel-grid-cell-container--><\/div><!--.panel-row-style--><\/div><!--.panel-grid-->\t\t<\/div>\n\t\t","protected":false},"excerpt":{"rendered":"<p>Droit de l&rsquo;immigrationLes Lois relatives \u00e0 l\u2019immigration aux USA sont f\u00e9d\u00e9rales (applicable de la m\u00eame mani\u00e8re sur tout le territoire des Etats-Unis). Toutefois, elles \u00e9voluent sans cesse par le biais des r\u00e9gulations, ainsi que par les interpr\u00e9tations l\u00e9gales \u00e9tablies par l\u2019USCIS, Agence du Gouvernement en charge de l\u2019immigration aux USA.\u00a0Lire la suite\u00a0 Droit CommercialNotre Cabinet [&hellip;]<\/p>\n","protected":false},"author":3,"featured_media":708,"parent":0,"menu_order":0,"comment_status":"closed","ping_status":"closed","template":"template-fullwidth.php","meta":{"footnotes":""},"class_list":["post-330","page","type-page","status-publish","has-post-thumbnail","hentry"],"yoast_head":"<!-- This site is optimized with the Yoast SEO plugin v23.6 - https:\/\/yoast.com\/wordpress\/plugins\/seo\/ -->\n<title>Sabrina Malek-Ghetti Law Firm, PLLC - Cabinet d&#039;avocat \u00e0 Coral Gables<\/title>\n<meta name=\"description\" content=\"Notre Cabinet se situe \u00e0 quelques minutes de Downtown Miami et procure des conseils en Droit des Affaires en particulier sous l\u2019angle sp\u00e9cifique du droit de l\u2019immigration.Le cabinet est \u00e0 dimension humaine : je m&#039;engage \u00e0 traiter votre dossier personnellement et directement.\" \/>\n<meta name=\"robots\" content=\"index, follow, max-snippet:-1, max-image-preview:large, max-video-preview:-1\" \/>\n<link rel=\"canonical\" href=\"https:\/\/smglawmiami.com\/fr\/\" \/>\n<meta property=\"og:locale\" content=\"fr_FR\" \/>\n<meta property=\"og:type\" content=\"article\" \/>\n<meta property=\"og:title\" content=\"Sabrina Malek-Ghetti Law Firm, PLLC - Cabinet d&#039;avocat \u00e0 Coral Gables\" \/>\n<meta property=\"og:description\" content=\"Notre Cabinet se situe \u00e0 quelques minutes de Downtown Miami et procure des conseils en Droit des Affaires en particulier sous l\u2019angle sp\u00e9cifique du droit de l\u2019immigration.Le cabinet est \u00e0 dimension humaine : je m&#039;engage \u00e0 traiter votre dossier personnellement et directement.\" \/>\n<meta property=\"og:url\" content=\"https:\/\/smglawmiami.com\/fr\/\" \/>\n<meta property=\"og:site_name\" content=\"Sabrina Malek-Ghetti Law Firm, PLLC\" \/>\n<meta property=\"article:publisher\" content=\"https:\/\/www.facebook.com\/pg\/Sabrina-Malek-Ghetti-Law-Firm-PLLC-125391501494257\/\" \/>\n<meta property=\"article:modified_time\" content=\"2026-03-31T02:38:11+00:00\" \/>\n<meta property=\"og:image\" content=\"https:\/\/smglawmiami.com\/wp-content\/uploads\/2018\/03\/mari-helin-tuominen-38313-unsplash.jpg\" \/>\n\t<meta property=\"og:image:width\" content=\"1680\" \/>\n\t<meta property=\"og:image:height\" content=\"1120\" \/>\n\t<meta property=\"og:image:type\" content=\"image\/jpeg\" \/>\n<meta name=\"twitter:card\" content=\"summary_large_image\" \/>\n<meta name=\"twitter:site\" content=\"@SMGLawMiami\" \/>\n<meta name=\"twitter:label1\" content=\"Dur\u00e9e de lecture estim\u00e9e\" \/>\n\t<meta name=\"twitter:data1\" content=\"5 minutes\" \/>\n<script type=\"application\/ld+json\" class=\"yoast-schema-graph\">{\"@context\":\"https:\/\/schema.org\",\"@graph\":[{\"@type\":\"WebPage\",\"@id\":\"https:\/\/smglawmiami.com\/fr\/\",\"url\":\"https:\/\/smglawmiami.com\/fr\/\",\"name\":\"Sabrina Malek-Ghetti Law Firm, PLLC - Cabinet d'avocat \u00e0 Coral Gables\",\"isPartOf\":{\"@id\":\"https:\/\/smglawmiami.com\/#website\"},\"primaryImageOfPage\":{\"@id\":\"https:\/\/smglawmiami.com\/fr\/#primaryimage\"},\"image\":{\"@id\":\"https:\/\/smglawmiami.com\/fr\/#primaryimage\"},\"thumbnailUrl\":\"https:\/\/smglawmiami.com\/wp-content\/uploads\/2018\/03\/mari-helin-tuominen-38313-unsplash.jpg\",\"datePublished\":\"2018-04-08T13:59:29+00:00\",\"dateModified\":\"2026-03-31T02:38:11+00:00\",\"description\":\"Notre Cabinet se situe \u00e0 quelques minutes de Downtown Miami et procure des conseils en Droit des Affaires en particulier sous l\u2019angle sp\u00e9cifique du droit de l\u2019immigration.Le cabinet est \u00e0 dimension humaine : je m'engage \u00e0 traiter votre dossier personnellement et directement.\",\"breadcrumb\":{\"@id\":\"https:\/\/smglawmiami.com\/fr\/#breadcrumb\"},\"inLanguage\":\"fr-FR\",\"potentialAction\":[{\"@type\":\"ReadAction\",\"target\":[\"https:\/\/smglawmiami.com\/fr\/\"]}]},{\"@type\":\"ImageObject\",\"inLanguage\":\"fr-FR\",\"@id\":\"https:\/\/smglawmiami.com\/fr\/#primaryimage\",\"url\":\"https:\/\/smglawmiami.com\/wp-content\/uploads\/2018\/03\/mari-helin-tuominen-38313-unsplash.jpg\",\"contentUrl\":\"https:\/\/smglawmiami.com\/wp-content\/uploads\/2018\/03\/mari-helin-tuominen-38313-unsplash.jpg\",\"width\":1680,\"height\":1120},{\"@type\":\"BreadcrumbList\",\"@id\":\"https:\/\/smglawmiami.com\/fr\/#breadcrumb\",\"itemListElement\":[{\"@type\":\"ListItem\",\"position\":1,\"name\":\"Home\",\"item\":\"https:\/\/smglawmiami.com\/fr\/\"},{\"@type\":\"ListItem\",\"position\":2,\"name\":\"Accueil\"}]},{\"@type\":\"WebSite\",\"@id\":\"https:\/\/smglawmiami.com\/#website\",\"url\":\"https:\/\/smglawmiami.com\/\",\"name\":\"Sabrina Malek-Ghetti Law Firm, PLLC\",\"description\":\"Votre Avocat Fran\u00e7ais licenci\u00e9e au barreau de Floride\",\"publisher\":{\"@id\":\"https:\/\/smglawmiami.com\/#organization\"},\"potentialAction\":[{\"@type\":\"SearchAction\",\"target\":{\"@type\":\"EntryPoint\",\"urlTemplate\":\"https:\/\/smglawmiami.com\/?s={search_term_string}\"},\"query-input\":{\"@type\":\"PropertyValueSpecification\",\"valueRequired\":true,\"valueName\":\"search_term_string\"}}],\"inLanguage\":\"fr-FR\"},{\"@type\":\"Organization\",\"@id\":\"https:\/\/smglawmiami.com\/#organization\",\"name\":\"Sabrina Malek-Ghetti Law Firm, PLLC\",\"url\":\"https:\/\/smglawmiami.com\/\",\"logo\":{\"@type\":\"ImageObject\",\"inLanguage\":\"fr-FR\",\"@id\":\"https:\/\/smglawmiami.com\/#\/schema\/logo\/image\/\",\"url\":\"https:\/\/smglawmiami.com\/wp-content\/uploads\/2018\/04\/smg-law-miami-symbol.png\",\"contentUrl\":\"https:\/\/smglawmiami.com\/wp-content\/uploads\/2018\/04\/smg-law-miami-symbol.png\",\"width\":\"1200\",\"height\":\"1200\",\"caption\":\"Sabrina Malek-Ghetti Law Firm, PLLC\"},\"image\":{\"@id\":\"https:\/\/smglawmiami.com\/#\/schema\/logo\/image\/\"},\"sameAs\":[\"https:\/\/www.facebook.com\/pg\/Sabrina-Malek-Ghetti-Law-Firm-PLLC-125391501494257\/\",\"https:\/\/x.com\/SMGLawMiami\",\"https:\/\/www.linkedin.com\/in\/sabrina-malek-ghetti-esq-494b35b1\/\"]}]}<\/script>\n<!-- \/ Yoast SEO plugin. -->","yoast_head_json":{"title":"Sabrina Malek-Ghetti Law Firm, PLLC - Cabinet d'avocat \u00e0 Coral Gables","description":"Notre Cabinet se situe \u00e0 quelques minutes de Downtown Miami et procure des conseils en Droit des Affaires en particulier sous l\u2019angle sp\u00e9cifique du droit de l\u2019immigration.Le cabinet est \u00e0 dimension humaine : je m'engage \u00e0 traiter votre dossier personnellement et directement.","robots":{"index":"index","follow":"follow","max-snippet":"max-snippet:-1","max-image-preview":"max-image-preview:large","max-video-preview":"max-video-preview:-1"},"canonical":"https:\/\/smglawmiami.com\/fr\/","og_locale":"fr_FR","og_type":"article","og_title":"Sabrina Malek-Ghetti Law Firm, PLLC - Cabinet d'avocat \u00e0 Coral Gables","og_description":"Notre Cabinet se situe \u00e0 quelques minutes de Downtown Miami et procure des conseils en Droit des Affaires en particulier sous l\u2019angle sp\u00e9cifique du droit de l\u2019immigration.Le cabinet est \u00e0 dimension humaine : je m'engage \u00e0 traiter votre dossier personnellement et directement.","og_url":"https:\/\/smglawmiami.com\/fr\/","og_site_name":"Sabrina Malek-Ghetti Law Firm, PLLC","article_publisher":"https:\/\/www.facebook.com\/pg\/Sabrina-Malek-Ghetti-Law-Firm-PLLC-125391501494257\/","article_modified_time":"2026-03-31T02:38:11+00:00","og_image":[{"width":1680,"height":1120,"url":"https:\/\/smglawmiami.com\/wp-content\/uploads\/2018\/03\/mari-helin-tuominen-38313-unsplash.jpg","type":"image\/jpeg"}],"twitter_card":"summary_large_image","twitter_site":"@SMGLawMiami","twitter_misc":{"Dur\u00e9e de lecture estim\u00e9e":"5 minutes"},"schema":{"@context":"https:\/\/schema.org","@graph":[{"@type":"WebPage","@id":"https:\/\/smglawmiami.com\/fr\/","url":"https:\/\/smglawmiami.com\/fr\/","name":"Sabrina Malek-Ghetti Law Firm, PLLC - Cabinet d'avocat \u00e0 Coral Gables","isPartOf":{"@id":"https:\/\/smglawmiami.com\/#website"},"primaryImageOfPage":{"@id":"https:\/\/smglawmiami.com\/fr\/#primaryimage"},"image":{"@id":"https:\/\/smglawmiami.com\/fr\/#primaryimage"},"thumbnailUrl":"https:\/\/smglawmiami.com\/wp-content\/uploads\/2018\/03\/mari-helin-tuominen-38313-unsplash.jpg","datePublished":"2018-04-08T13:59:29+00:00","dateModified":"2026-03-31T02:38:11+00:00","description":"Notre Cabinet se situe \u00e0 quelques minutes de Downtown Miami et procure des conseils en Droit des Affaires en particulier sous l\u2019angle sp\u00e9cifique du droit de l\u2019immigration.Le cabinet est \u00e0 dimension humaine : je m'engage \u00e0 traiter votre dossier personnellement et directement.","breadcrumb":{"@id":"https:\/\/smglawmiami.com\/fr\/#breadcrumb"},"inLanguage":"fr-FR","potentialAction":[{"@type":"ReadAction","target":["https:\/\/smglawmiami.com\/fr\/"]}]},{"@type":"ImageObject","inLanguage":"fr-FR","@id":"https:\/\/smglawmiami.com\/fr\/#primaryimage","url":"https:\/\/smglawmiami.com\/wp-content\/uploads\/2018\/03\/mari-helin-tuominen-38313-unsplash.jpg","contentUrl":"https:\/\/smglawmiami.com\/wp-content\/uploads\/2018\/03\/mari-helin-tuominen-38313-unsplash.jpg","width":1680,"height":1120},{"@type":"BreadcrumbList","@id":"https:\/\/smglawmiami.com\/fr\/#breadcrumb","itemListElement":[{"@type":"ListItem","position":1,"name":"Home","item":"https:\/\/smglawmiami.com\/fr\/"},{"@type":"ListItem","position":2,"name":"Accueil"}]},{"@type":"WebSite","@id":"https:\/\/smglawmiami.com\/#website","url":"https:\/\/smglawmiami.com\/","name":"Sabrina Malek-Ghetti Law Firm, PLLC","description":"Votre Avocat Fran\u00e7ais licenci\u00e9e au barreau de Floride","publisher":{"@id":"https:\/\/smglawmiami.com\/#organization"},"potentialAction":[{"@type":"SearchAction","target":{"@type":"EntryPoint","urlTemplate":"https:\/\/smglawmiami.com\/?s={search_term_string}"},"query-input":{"@type":"PropertyValueSpecification","valueRequired":true,"valueName":"search_term_string"}}],"inLanguage":"fr-FR"},{"@type":"Organization","@id":"https:\/\/smglawmiami.com\/#organization","name":"Sabrina Malek-Ghetti Law Firm, PLLC","url":"https:\/\/smglawmiami.com\/","logo":{"@type":"ImageObject","inLanguage":"fr-FR","@id":"https:\/\/smglawmiami.com\/#\/schema\/logo\/image\/","url":"https:\/\/smglawmiami.com\/wp-content\/uploads\/2018\/04\/smg-law-miami-symbol.png","contentUrl":"https:\/\/smglawmiami.com\/wp-content\/uploads\/2018\/04\/smg-law-miami-symbol.png","width":"1200","height":"1200","caption":"Sabrina Malek-Ghetti Law Firm, PLLC"},"image":{"@id":"https:\/\/smglawmiami.com\/#\/schema\/logo\/image\/"},"sameAs":["https:\/\/www.facebook.com\/pg\/Sabrina-Malek-Ghetti-Law-Firm-PLLC-125391501494257\/","https:\/\/x.com\/SMGLawMiami","https:\/\/www.linkedin.com\/in\/sabrina-malek-ghetti-esq-494b35b1\/"]}]}},"_links":{"self":[{"href":"https:\/\/smglawmiami.com\/fr\/wp-json\/wp\/v2\/pages\/330","targetHints":{"allow":["GET"]}}],"collection":[{"href":"https:\/\/smglawmiami.com\/fr\/wp-json\/wp\/v2\/pages"}],"about":[{"href":"https:\/\/smglawmiami.com\/fr\/wp-json\/wp\/v2\/types\/page"}],"author":[{"embeddable":true,"href":"https:\/\/smglawmiami.com\/fr\/wp-json\/wp\/v2\/users\/3"}],"replies":[{"embeddable":true,"href":"https:\/\/smglawmiami.com\/fr\/wp-json\/wp\/v2\/comments?post=330"}],"version-history":[{"count":27,"href":"https:\/\/smglawmiami.com\/fr\/wp-json\/wp\/v2\/pages\/330\/revisions"}],"predecessor-version":[{"id":847,"href":"https:\/\/smglawmiami.com\/fr\/wp-json\/wp\/v2\/pages\/330\/revisions\/847"}],"wp:featuredmedia":[{"embeddable":true,"href":"https:\/\/smglawmiami.com\/fr\/wp-json\/wp\/v2\/media\/708"}],"wp:attachment":[{"href":"https:\/\/smglawmiami.com\/fr\/wp-json\/wp\/v2\/media?parent=330"}],"curies":[{"name":"wp","href":"https:\/\/api.w.org\/{rel}","templated":true}]}}