{"id":327,"date":"2018-03-24T20:56:03","date_gmt":"2018-03-25T00:56:03","guid":{"rendered":"https:\/\/smglawmiami.com\/about-us\/"},"modified":"2020-06-09T12:23:41","modified_gmt":"2020-06-09T16:23:41","slug":"notre-cabinet","status":"publish","type":"page","link":"https:\/\/smglawmiami.com\/fr\/notre-cabinet\/","title":{"rendered":"Notre cabinet"},"content":{"rendered":"\n\t<style>\n\t\t.home.blog .site-header, .home.post-type-archive-product .site-header,\n\t\t.home.page:not(.page-template-template-homepage) .site-header, .storefront-pro-active .site-header,\n\t\t.storefront-pro-active .storefront-breadcrumb, .storefront-pro-active .no-wc-breadcrumb .site-header { margin-bottom: 0; }\n\t\t.storefront-pro-active .storefront-breadcrumb { display: none; }\n\t\t.storefront-pro-active .hentry .entry-header { display: none; }\n\t\t.storefront-pro-active #secondary { margin-top: 4.236em; }\n\t\t.storefront-pro-active .page.hentry { margin: 0; padding: 0; border: none; }\n\t\t.storefront-pro-active .site-main,\n\t\t.sfp-nav-styleleft-vertical #content,\n\t\t.storefront-pro-active .content-area {margin: 0;}\n\t<\/style>\t\t<div id=\"pootle-page-builder\">\n\t\t\t<!----------Pootle Page Builder Inline Styles---------->\n\t\t\t<style id=\"pootle-live-editor-styles\" type=\"text\/css\" media=\"all\">\n\t\t\t\t.panel-grid-cell .panel { margin-bottom: 0px } @media ( max-width:780px ) { #pootle-page-builder .panel-grid-cell-container .panel-grid-cell { width:100%;flex: 1 0; } #pootle-page-builder .panel-grid-cell-container { flex-direction: column; } .panel-grid-cell:not(:last-child) { margin-bottom: 0px } .ppb-no-mobile-spacing { padding: 0 !important; margin: 0 !important; } .hide-on-mobile { display: none } br.rwd { display: block } .ppb-mobile-behaviour-2.ppb-block { margin-left:auto!important;margin-right:auto!important;margin-top:auto!important;margin-bottom:auto!important } .panel-grid { margin-left: 0 !important; margin-right: 0 !important; } .panel-grid-cell { padding: 0 !important; max-width: 100% !important; }  } \t\t\t<\/style>\n\t\t\t<div class=\"panel-grid ppb-row\" id=\"pg-327-0\" style=\"margin-bottom: 0;\" ><div class=\"ppb-row panel-row-style panel-row-style- \" style=\"\" ><style>#pg-327-0 .panel-grid-cell { padding: 0 0.5% 0; }<\/style><div class='panel-grid-cell-container'><div class=\"ppb-col panel-grid-cell \" id=\"pgc-327-0-0\" ><div id=\"panel-327-0-0-0\" class=\"ppb-block ppb-no-mobile-spacing\" style=\"\" ><h2>Le Cabinet<\/h2><p>\n<img loading=\"lazy\" decoding=\"async\" class=\"alignleft size-medium wp-image-748\" src=\"https:\/\/smglawmiami.com\/wp-content\/uploads\/2020\/06\/sabrina-malek-ghetti-downtown-coral-gables-300x200.jpg\" alt=\"sabrina-malek-ghetti-downtown-coral-gables\" width=\"300\" height=\"200\" srcset=\"https:\/\/smglawmiami.com\/wp-content\/uploads\/2020\/06\/sabrina-malek-ghetti-downtown-coral-gables-300x200.jpg 300w, https:\/\/smglawmiami.com\/wp-content\/uploads\/2020\/06\/sabrina-malek-ghetti-downtown-coral-gables-1024x682.jpg 1024w, https:\/\/smglawmiami.com\/wp-content\/uploads\/2020\/06\/sabrina-malek-ghetti-downtown-coral-gables-768x512.jpg 768w, https:\/\/smglawmiami.com\/wp-content\/uploads\/2020\/06\/sabrina-malek-ghetti-downtown-coral-gables-1536x1023.jpg 1536w, https:\/\/smglawmiami.com\/wp-content\/uploads\/2020\/06\/sabrina-malek-ghetti-downtown-coral-gables.jpg 1980w\" sizes=\"(max-width: 300px) 100vw, 300px\" \/>Mes bureaux sont id\u00e9alement \u00e0\u00a0<strong>Downtown Coral Gables<\/strong>, \u201c<em>the City Beautiful<\/em>\u201d. Facilement accessibles, mes bureaux se trouvent \u00e0 quelques minutes en voiture de Downtown Miami et de l'a\u00e9roport international de Miami, et \u00e0 deux pas de Miracle Mile. Il est tr\u00e8s facile de trouver une place de parking \u00e0 proximit\u00e9 du Cabinet \u00e0 toute heure.\n<\/p><p>\nPar choix, mon Cabinet est \u00e0 dimension humaine. Une fois que vous aurez d\u00e9cid\u00e9 de faire appel \u00e0 mes services, je m'engage \u00e0 traiter votre dossier personnellement et directement. Et cela, <strong>parce que vous m\u00e9ritez que seul l'avocat que vous aurez choisi d'engager s'occupe de votre dossier, et personne d'autre.<\/strong>\n<\/p><\/div><\/div><\/div><!--.panel-grid-cell-container--><\/div><!--.panel-row-style--><\/div><!--.panel-grid--><div class=\"panel-grid ppb-row\" id=\"pg-327-1\" style=\"margin-top: 40px;margin-bottom: 80px;\" ><div class=\"ppb-row panel-row-style panel-row-style-  ppb-stretch-full-width ppb-stretch-full-width-1 ppb-full-width-no-bg\" style=\"background-image: url( https:\/\/smglawmiami.com\/wp-content\/uploads\/2018\/04\/coral-gables.jpg ); background-size: cover; background-repeat: no-repeat; min-height:320px;\" ><style>#pg-327-1 .panel-grid-cell { padding: 0 0.5% 0; }<\/style><div class='panel-grid-cell-container'><div class=\"ppb-col panel-grid-cell \" id=\"pgc-327-1-0\" ><\/div><\/div><!--.panel-grid-cell-container--><\/div><!--.panel-row-style--><\/div><!--.panel-grid--><div class=\"panel-grid ppb-row\" id=\"pg-327-2\" style=\"margin-bottom: 0;\" ><div class=\"ppb-row panel-row-style panel-row-style- \" style=\"\" ><style>#pg-327-2 .panel-grid-cell { padding: 0 0.5% 0; }<\/style><div class='panel-grid-cell-container'><div class=\"ppb-col panel-grid-cell \" id=\"pgc-327-2-0\" ><div id=\"panel-327-2-0-0\" class=\"ppb-block ppb-no-mobile-spacing\" style=\"\" ><h2>Sabrina Malek-Ghetti<\/h2><p>\n<img loading=\"lazy\" decoding=\"async\" class=\"alignright size-medium wp-image-170\" src=\"https:\/\/smglawmiami.com\/wp-content\/uploads\/2018\/04\/sabrina-malek-ghetti-300x256.png\" alt=\"\" width=\"300\" height=\"256\" srcset=\"https:\/\/smglawmiami.com\/wp-content\/uploads\/2018\/04\/sabrina-malek-ghetti-300x256.png 300w, https:\/\/smglawmiami.com\/wp-content\/uploads\/2018\/04\/sabrina-malek-ghetti.png 478w\" sizes=\"(max-width: 300px) 100vw, 300px\" \/>Sabrina Malek-Ghetti, Esq. est une avocate fran\u00e7aise, admise \u00e0 pratiquer le droit dans l'\u00c9tat de <strong>Floride<\/strong>. Avant de venir vivre \u00e0 Miami, Sabrina \u00e9tait avocate en France, o\u00f9 elle a travaill\u00e9 pendant plusieurs ann\u00e9es dans des Cabinets d'avocats de renom, avant d\u2019ouvrir son Cabinet \u00e0 Nice o\u00f9 elle s'est sp\u00e9cialis\u00e9e dans le contentieux civil, p\u00e9nal et du travail. Sabrina a \u00e9galement enseign\u00e9 le droit civil fran\u00e7ais \u00e0 des \u00e9tudiants en comptabilit\u00e9 dans une universit\u00e9 priv\u00e9e pendant deux ans.\n<\/p><p>\nEn 2008, Sabrina a d\u00e9m\u00e9nag\u00e9 \u00e0 <strong>Miami<\/strong>, en Floride, pour rejoindre sa famille. Elle a cependant choisi de ne pas reprendre imm\u00e9diatement sa carri\u00e8re juridique aux \u00c9tats-Unis, et a explor\u00e9 diff\u00e9rents types d\u2019activit\u00e9. En tant que <strong>propri\u00e9taire d'entreprise aux \u00c9tats-Unis et surtout en Floride<\/strong>, elle a acquis une exp\u00e9rience pr\u00e9cieuse.\n<\/p><p>\nSabrina a alors souhait\u00e9 reprendre sa carri\u00e8re d\u2019avocat aux Etats-Unis, et a suivi les enseignements de la prestigieuse <strong>Law School de l'Universit\u00e9 de Miami<\/strong>. Lors de ses 3 ans d\u2019\u00e9tudes universitaires \u00e0 Miami, Sabrina a mis l\u2019accent sur l\u2019\u00e9tude du <strong>droit international priv\u00e9<\/strong> et du <strong>droit de l\u2019immigration<\/strong>, enseign\u00e9 par des professeurs et avocats renomm\u00e9s tels que David Abraham, Joshua Bratter, Irwin Stotsky et Ira Kurzban. Sabrina a alors compl\u00e9t\u00e9 son cursus fran\u00e7ais par un LL.M. en droit international (Master of Laws) et un doctorat (Juris Doctor), puis a pass\u00e9 avec succ\u00e8s l'examen du barreau de Floride en F\u00e9vrier 2017. Avant d'ouvrir son cabinet d'avocats \u00e0 Coral Gables, Sabrina a travaill\u00e9 pendant plusieurs mois dans un Cabinet sp\u00e9cialis\u00e9 en\u00a0<strong>droit de l'immigration<\/strong> o\u00f9 elle a acquis de pr\u00e9cieuses connaissances pratiques.\n<\/p><p>\n\u00a0\n<\/p><\/div><div id=\"panel-327-2-0-1\" class=\"ppb-block ppb-no-mobile-spacing\" style=\"margin-top: 50px;font-size:0.8em; color:3e3e3e;font--style:italic;\" ><p>\n<strong>Photos<\/strong> : <a title=\"w:Coral Gables Biltmore Hotel\" href=\"https:\/\/en.wikipedia.org\/wiki\/Coral_Gables_Biltmore_Hotel\">Coral Gables Biltmore Hotel<\/a> by <a title=\"User:Ebyabe\" href=\"https:\/\/commons.wikimedia.org\/wiki\/User:Ebyabe\">Ebyabe<\/a>,\u00a0The\u00a0<a title=\"en:Venetian Pool\" href=\"https:\/\/en.wikipedia.org\/wiki\/Venetian_Pool\">Venetian Pool<\/a> and <a title=\"Coral Way\" href=\"https:\/\/en.wikipedia.org\/wiki\/Coral_Way\">Coral Way<\/a> by <a title=\"en:User:Averette\" href=\"https:\/\/en.wikipedia.org\/wiki\/User:Averette\">Averette,<\/a>\u00a0Alhambra Circle by <a title=\"en:User:Comayagua99\" href=\"https:\/\/en.wikipedia.org\/wiki\/User:Comayagua99\">Comayagua99<\/a>\n<\/p><\/div><\/div><\/div><!--.panel-grid-cell-container--><\/div><!--.panel-row-style--><\/div><!--.panel-grid-->\t\t<\/div>\n\t\t","protected":false},"excerpt":{"rendered":"<p>Le Cabinet Mes bureaux sont id\u00e9alement \u00e0\u00a0Downtown Coral Gables, \u201cthe City Beautiful\u201d. Facilement accessibles, mes bureaux se trouvent \u00e0 quelques minutes en voiture de Downtown Miami et de l&rsquo;a\u00e9roport international de Miami, et \u00e0 deux pas de Miracle Mile. Il est tr\u00e8s facile de trouver une place de parking \u00e0 proximit\u00e9 du Cabinet \u00e0 toute [&hellip;]<\/p>\n","protected":false},"author":3,"featured_media":724,"parent":0,"menu_order":0,"comment_status":"closed","ping_status":"closed","template":"template-fullwidth.php","meta":{"footnotes":""},"class_list":["post-327","page","type-page","status-publish","has-post-thumbnail","hentry"],"yoast_head":"<!-- This site is optimized with the Yoast SEO plugin v23.6 - https:\/\/yoast.com\/wordpress\/plugins\/seo\/ -->\n<title>Pr\u00e9sentation du cabinet d&#039;avocat Sabrina Malek-Ghetti Law Firm, PLLC<\/title>\n<meta name=\"description\" content=\"Par choix, mon Cabinet est \u00e0 dimension humaine. Une fois que vous aurez d\u00e9cid\u00e9 de faire appel \u00e0 mes services, je m&#039;engage \u00e0 traiter votre dossier personnellement et directement. Et cela, parce que vous m\u00e9ritez que seul l&#039;avocat que vous aurez choisi d&#039;engager s&#039;occupe de votre dossier, et personne d&#039;autre.\" \/>\n<meta name=\"robots\" content=\"index, follow, max-snippet:-1, max-image-preview:large, max-video-preview:-1\" \/>\n<link rel=\"canonical\" href=\"https:\/\/smglawmiami.com\/fr\/notre-cabinet\/\" \/>\n<meta property=\"og:locale\" content=\"fr_FR\" \/>\n<meta property=\"og:type\" content=\"article\" \/>\n<meta property=\"og:title\" content=\"Pr\u00e9sentation du cabinet d&#039;avocat Sabrina Malek-Ghetti Law Firm, PLLC\" \/>\n<meta property=\"og:description\" content=\"Par choix, mon Cabinet est \u00e0 dimension humaine. Une fois que vous aurez d\u00e9cid\u00e9 de faire appel \u00e0 mes services, je m&#039;engage \u00e0 traiter votre dossier personnellement et directement. Et cela, parce que vous m\u00e9ritez que seul l&#039;avocat que vous aurez choisi d&#039;engager s&#039;occupe de votre dossier, et personne d&#039;autre.\" \/>\n<meta property=\"og:url\" content=\"https:\/\/smglawmiami.com\/fr\/notre-cabinet\/\" \/>\n<meta property=\"og:site_name\" content=\"Sabrina Malek-Ghetti Law Firm, PLLC\" \/>\n<meta property=\"article:publisher\" content=\"https:\/\/www.facebook.com\/pg\/Sabrina-Malek-Ghetti-Law-Firm-PLLC-125391501494257\/\" \/>\n<meta property=\"article:modified_time\" content=\"2020-06-09T16:23:41+00:00\" \/>\n<meta property=\"og:image\" content=\"https:\/\/smglawmiami.com\/wp-content\/uploads\/2018\/04\/about-us.jpg\" \/>\n\t<meta property=\"og:image:width\" content=\"1600\" \/>\n\t<meta property=\"og:image:height\" content=\"833\" \/>\n\t<meta property=\"og:image:type\" content=\"image\/jpeg\" \/>\n<meta name=\"twitter:card\" content=\"summary_large_image\" \/>\n<meta name=\"twitter:site\" content=\"@SMGLawMiami\" \/>\n<meta name=\"twitter:label1\" content=\"Dur\u00e9e de lecture estim\u00e9e\" \/>\n\t<meta name=\"twitter:data1\" content=\"2 minutes\" \/>\n<script type=\"application\/ld+json\" class=\"yoast-schema-graph\">{\"@context\":\"https:\/\/schema.org\",\"@graph\":[{\"@type\":\"WebPage\",\"@id\":\"https:\/\/smglawmiami.com\/fr\/notre-cabinet\/\",\"url\":\"https:\/\/smglawmiami.com\/fr\/notre-cabinet\/\",\"name\":\"Pr\u00e9sentation du cabinet d'avocat Sabrina Malek-Ghetti Law Firm, PLLC\",\"isPartOf\":{\"@id\":\"https:\/\/smglawmiami.com\/#website\"},\"primaryImageOfPage\":{\"@id\":\"https:\/\/smglawmiami.com\/fr\/notre-cabinet\/#primaryimage\"},\"image\":{\"@id\":\"https:\/\/smglawmiami.com\/fr\/notre-cabinet\/#primaryimage\"},\"thumbnailUrl\":\"https:\/\/smglawmiami.com\/wp-content\/uploads\/2018\/04\/about-us.jpg\",\"datePublished\":\"2018-03-25T00:56:03+00:00\",\"dateModified\":\"2020-06-09T16:23:41+00:00\",\"description\":\"Par choix, mon Cabinet est \u00e0 dimension humaine. Une fois que vous aurez d\u00e9cid\u00e9 de faire appel \u00e0 mes services, je m'engage \u00e0 traiter votre dossier personnellement et directement. Et cela, parce que vous m\u00e9ritez que seul l'avocat que vous aurez choisi d'engager s'occupe de votre dossier, et personne d'autre.\",\"breadcrumb\":{\"@id\":\"https:\/\/smglawmiami.com\/fr\/notre-cabinet\/#breadcrumb\"},\"inLanguage\":\"fr-FR\",\"potentialAction\":[{\"@type\":\"ReadAction\",\"target\":[\"https:\/\/smglawmiami.com\/fr\/notre-cabinet\/\"]}]},{\"@type\":\"ImageObject\",\"inLanguage\":\"fr-FR\",\"@id\":\"https:\/\/smglawmiami.com\/fr\/notre-cabinet\/#primaryimage\",\"url\":\"https:\/\/smglawmiami.com\/wp-content\/uploads\/2018\/04\/about-us.jpg\",\"contentUrl\":\"https:\/\/smglawmiami.com\/wp-content\/uploads\/2018\/04\/about-us.jpg\",\"width\":\"1600\",\"height\":\"833\"},{\"@type\":\"BreadcrumbList\",\"@id\":\"https:\/\/smglawmiami.com\/fr\/notre-cabinet\/#breadcrumb\",\"itemListElement\":[{\"@type\":\"ListItem\",\"position\":1,\"name\":\"Home\",\"item\":\"https:\/\/smglawmiami.com\/fr\/\"},{\"@type\":\"ListItem\",\"position\":2,\"name\":\"Notre cabinet\"}]},{\"@type\":\"WebSite\",\"@id\":\"https:\/\/smglawmiami.com\/#website\",\"url\":\"https:\/\/smglawmiami.com\/\",\"name\":\"Sabrina Malek-Ghetti Law Firm, PLLC\",\"description\":\"Votre Avocat Fran\u00e7ais licenci\u00e9e au barreau de Floride\",\"publisher\":{\"@id\":\"https:\/\/smglawmiami.com\/#organization\"},\"potentialAction\":[{\"@type\":\"SearchAction\",\"target\":{\"@type\":\"EntryPoint\",\"urlTemplate\":\"https:\/\/smglawmiami.com\/?s={search_term_string}\"},\"query-input\":{\"@type\":\"PropertyValueSpecification\",\"valueRequired\":true,\"valueName\":\"search_term_string\"}}],\"inLanguage\":\"fr-FR\"},{\"@type\":\"Organization\",\"@id\":\"https:\/\/smglawmiami.com\/#organization\",\"name\":\"Sabrina Malek-Ghetti Law Firm, PLLC\",\"url\":\"https:\/\/smglawmiami.com\/\",\"logo\":{\"@type\":\"ImageObject\",\"inLanguage\":\"fr-FR\",\"@id\":\"https:\/\/smglawmiami.com\/#\/schema\/logo\/image\/\",\"url\":\"https:\/\/smglawmiami.com\/wp-content\/uploads\/2018\/04\/smg-law-miami-symbol.png\",\"contentUrl\":\"https:\/\/smglawmiami.com\/wp-content\/uploads\/2018\/04\/smg-law-miami-symbol.png\",\"width\":\"1200\",\"height\":\"1200\",\"caption\":\"Sabrina Malek-Ghetti Law Firm, PLLC\"},\"image\":{\"@id\":\"https:\/\/smglawmiami.com\/#\/schema\/logo\/image\/\"},\"sameAs\":[\"https:\/\/www.facebook.com\/pg\/Sabrina-Malek-Ghetti-Law-Firm-PLLC-125391501494257\/\",\"https:\/\/x.com\/SMGLawMiami\",\"https:\/\/www.linkedin.com\/in\/sabrina-malek-ghetti-esq-494b35b1\/\"]}]}<\/script>\n<!-- \/ Yoast SEO plugin. -->","yoast_head_json":{"title":"Pr\u00e9sentation du cabinet d'avocat Sabrina Malek-Ghetti Law Firm, PLLC","description":"Par choix, mon Cabinet est \u00e0 dimension humaine. Une fois que vous aurez d\u00e9cid\u00e9 de faire appel \u00e0 mes services, je m'engage \u00e0 traiter votre dossier personnellement et directement. Et cela, parce que vous m\u00e9ritez que seul l'avocat que vous aurez choisi d'engager s'occupe de votre dossier, et personne d'autre.","robots":{"index":"index","follow":"follow","max-snippet":"max-snippet:-1","max-image-preview":"max-image-preview:large","max-video-preview":"max-video-preview:-1"},"canonical":"https:\/\/smglawmiami.com\/fr\/notre-cabinet\/","og_locale":"fr_FR","og_type":"article","og_title":"Pr\u00e9sentation du cabinet d'avocat Sabrina Malek-Ghetti Law Firm, PLLC","og_description":"Par choix, mon Cabinet est \u00e0 dimension humaine. Une fois que vous aurez d\u00e9cid\u00e9 de faire appel \u00e0 mes services, je m'engage \u00e0 traiter votre dossier personnellement et directement. Et cela, parce que vous m\u00e9ritez que seul l'avocat que vous aurez choisi d'engager s'occupe de votre dossier, et personne d'autre.","og_url":"https:\/\/smglawmiami.com\/fr\/notre-cabinet\/","og_site_name":"Sabrina Malek-Ghetti Law Firm, PLLC","article_publisher":"https:\/\/www.facebook.com\/pg\/Sabrina-Malek-Ghetti-Law-Firm-PLLC-125391501494257\/","article_modified_time":"2020-06-09T16:23:41+00:00","og_image":[{"width":1600,"height":833,"url":"https:\/\/smglawmiami.com\/wp-content\/uploads\/2018\/04\/about-us.jpg","type":"image\/jpeg"}],"twitter_card":"summary_large_image","twitter_site":"@SMGLawMiami","twitter_misc":{"Dur\u00e9e de lecture estim\u00e9e":"2 minutes"},"schema":{"@context":"https:\/\/schema.org","@graph":[{"@type":"WebPage","@id":"https:\/\/smglawmiami.com\/fr\/notre-cabinet\/","url":"https:\/\/smglawmiami.com\/fr\/notre-cabinet\/","name":"Pr\u00e9sentation du cabinet d'avocat Sabrina Malek-Ghetti Law Firm, PLLC","isPartOf":{"@id":"https:\/\/smglawmiami.com\/#website"},"primaryImageOfPage":{"@id":"https:\/\/smglawmiami.com\/fr\/notre-cabinet\/#primaryimage"},"image":{"@id":"https:\/\/smglawmiami.com\/fr\/notre-cabinet\/#primaryimage"},"thumbnailUrl":"https:\/\/smglawmiami.com\/wp-content\/uploads\/2018\/04\/about-us.jpg","datePublished":"2018-03-25T00:56:03+00:00","dateModified":"2020-06-09T16:23:41+00:00","description":"Par choix, mon Cabinet est \u00e0 dimension humaine. Une fois que vous aurez d\u00e9cid\u00e9 de faire appel \u00e0 mes services, je m'engage \u00e0 traiter votre dossier personnellement et directement. Et cela, parce que vous m\u00e9ritez que seul l'avocat que vous aurez choisi d'engager s'occupe de votre dossier, et personne d'autre.","breadcrumb":{"@id":"https:\/\/smglawmiami.com\/fr\/notre-cabinet\/#breadcrumb"},"inLanguage":"fr-FR","potentialAction":[{"@type":"ReadAction","target":["https:\/\/smglawmiami.com\/fr\/notre-cabinet\/"]}]},{"@type":"ImageObject","inLanguage":"fr-FR","@id":"https:\/\/smglawmiami.com\/fr\/notre-cabinet\/#primaryimage","url":"https:\/\/smglawmiami.com\/wp-content\/uploads\/2018\/04\/about-us.jpg","contentUrl":"https:\/\/smglawmiami.com\/wp-content\/uploads\/2018\/04\/about-us.jpg","width":"1600","height":"833"},{"@type":"BreadcrumbList","@id":"https:\/\/smglawmiami.com\/fr\/notre-cabinet\/#breadcrumb","itemListElement":[{"@type":"ListItem","position":1,"name":"Home","item":"https:\/\/smglawmiami.com\/fr\/"},{"@type":"ListItem","position":2,"name":"Notre cabinet"}]},{"@type":"WebSite","@id":"https:\/\/smglawmiami.com\/#website","url":"https:\/\/smglawmiami.com\/","name":"Sabrina Malek-Ghetti Law Firm, PLLC","description":"Votre Avocat Fran\u00e7ais licenci\u00e9e au barreau de Floride","publisher":{"@id":"https:\/\/smglawmiami.com\/#organization"},"potentialAction":[{"@type":"SearchAction","target":{"@type":"EntryPoint","urlTemplate":"https:\/\/smglawmiami.com\/?s={search_term_string}"},"query-input":{"@type":"PropertyValueSpecification","valueRequired":true,"valueName":"search_term_string"}}],"inLanguage":"fr-FR"},{"@type":"Organization","@id":"https:\/\/smglawmiami.com\/#organization","name":"Sabrina Malek-Ghetti Law Firm, PLLC","url":"https:\/\/smglawmiami.com\/","logo":{"@type":"ImageObject","inLanguage":"fr-FR","@id":"https:\/\/smglawmiami.com\/#\/schema\/logo\/image\/","url":"https:\/\/smglawmiami.com\/wp-content\/uploads\/2018\/04\/smg-law-miami-symbol.png","contentUrl":"https:\/\/smglawmiami.com\/wp-content\/uploads\/2018\/04\/smg-law-miami-symbol.png","width":"1200","height":"1200","caption":"Sabrina Malek-Ghetti Law Firm, PLLC"},"image":{"@id":"https:\/\/smglawmiami.com\/#\/schema\/logo\/image\/"},"sameAs":["https:\/\/www.facebook.com\/pg\/Sabrina-Malek-Ghetti-Law-Firm-PLLC-125391501494257\/","https:\/\/x.com\/SMGLawMiami","https:\/\/www.linkedin.com\/in\/sabrina-malek-ghetti-esq-494b35b1\/"]}]}},"_links":{"self":[{"href":"https:\/\/smglawmiami.com\/fr\/wp-json\/wp\/v2\/pages\/327"}],"collection":[{"href":"https:\/\/smglawmiami.com\/fr\/wp-json\/wp\/v2\/pages"}],"about":[{"href":"https:\/\/smglawmiami.com\/fr\/wp-json\/wp\/v2\/types\/page"}],"author":[{"embeddable":true,"href":"https:\/\/smglawmiami.com\/fr\/wp-json\/wp\/v2\/users\/3"}],"replies":[{"embeddable":true,"href":"https:\/\/smglawmiami.com\/fr\/wp-json\/wp\/v2\/comments?post=327"}],"version-history":[{"count":11,"href":"https:\/\/smglawmiami.com\/fr\/wp-json\/wp\/v2\/pages\/327\/revisions"}],"predecessor-version":[{"id":750,"href":"https:\/\/smglawmiami.com\/fr\/wp-json\/wp\/v2\/pages\/327\/revisions\/750"}],"wp:featuredmedia":[{"embeddable":true,"href":"https:\/\/smglawmiami.com\/fr\/wp-json\/wp\/v2\/media\/724"}],"wp:attachment":[{"href":"https:\/\/smglawmiami.com\/fr\/wp-json\/wp\/v2\/media?parent=327"}],"curies":[{"name":"wp","href":"https:\/\/api.w.org\/{rel}","templated":true}]}}